{"id":411,"date":"2024-11-20T18:28:51","date_gmt":"2024-11-20T18:28:51","guid":{"rendered":"https:\/\/etmb.fr\/website\/?page_id=411"},"modified":"2024-12-19T18:57:49","modified_gmt":"2024-12-19T18:57:49","slug":"nos-metiers","status":"publish","type":"page","link":"https:\/\/etmb.fr\/en\/nos-metiers\/","title":{"rendered":"Nos M\u00e9tiers"},"content":{"rendered":"<div data-elementor-type=\"wp-page\" data-elementor-id=\"411\" class=\"elementor elementor-411\" data-elementor-post-type=\"page\">\n\t\t\t\t<div class=\"elementor-element elementor-element-ab7da99 e-con-full slider-container e-flex e-con e-parent\" data-id=\"ab7da99\" data-element_type=\"container\">\n\t\t\t\t<div class=\"elementor-element elementor-element-1edfa71 elementor--h-position-left elementor--v-position-middle elementor-widget elementor-widget-slides\" data-id=\"1edfa71\" data-element_type=\"widget\" data-settings=\"{&quot;autoplay_speed&quot;:6000,&quot;transition&quot;:&quot;fade&quot;,&quot;navigation&quot;:&quot;none&quot;,&quot;autoplay&quot;:&quot;yes&quot;,&quot;infinite&quot;:&quot;yes&quot;,&quot;transition_speed&quot;:500}\" data-widget_type=\"slides.default\">\n\t\t\t\t<div class=\"elementor-widget-container\">\n\t\t\t\t\t\t\t\t\t<div class=\"elementor-swiper\">\n\t\t\t\t\t<div class=\"elementor-slides-wrapper elementor-main-swiper swiper\" role=\"region\" aria-roledescription=\"carousel\" aria-label=\"Diapositives\" dir=\"ltr\" data-animation=\"fadeInDown\">\n\t\t\t\t<div class=\"swiper-wrapper elementor-slides\">\n\t\t\t\t\t\t\t\t\t\t<div class=\"elementor-repeater-item-eac627f swiper-slide\" role=\"group\" aria-roledescription=\"slide\"><div class=\"swiper-slide-bg\" role=\"img\"><\/div><div class=\"elementor-background-overlay\"><\/div><div class=\"swiper-slide-inner\" ><div class=\"swiper-slide-contents\"><\/div><\/div><\/div><div class=\"elementor-repeater-item-1134aac swiper-slide\" role=\"group\" aria-roledescription=\"slide\"><div class=\"swiper-slide-bg\" role=\"img\"><\/div><div class=\"elementor-background-overlay\"><\/div><div class=\"swiper-slide-inner\" ><div class=\"swiper-slide-contents\"><\/div><\/div><\/div>\t\t\t\t<\/div>\n\t\t\t\t\t\t\t\t\t\t\t\t\t\t\t\t\t\t\t\t\t<\/div>\n\t\t\t\t<\/div>\n\t\t\t\t\t\t\t\t<\/div>\n\t\t\t\t<\/div>\n\t\t\t\t<\/div>\n\t\t<div class=\"elementor-element elementor-element-4f75664 e-con-full e-flex e-con e-parent\" data-id=\"4f75664\" data-element_type=\"container\">\n\t\t\t\t<div class=\"elementor-element elementor-element-8c84234 animated-slow elementor-invisible elementor-widget elementor-widget-html\" data-id=\"8c84234\" data-element_type=\"widget\" data-settings=\"{&quot;_animation&quot;:&quot;fadeInDown&quot;}\" data-widget_type=\"html.default\">\n\t\t\t\t<div class=\"elementor-widget-container\">\n\t\t\t\t\t<!DOCTYPE html>\n<html lang=\"en\">\n<head>\n    <meta charset=\"UTF-8\">\n    <meta name=\"viewport\" content=\"width=device-width, initial-scale=1.0\">\n    <title>Image Hover with Inline Text<\/title>\n  \n<\/head>\n<body>\n\n<div class=\"container56\">\n    <div class=\"image-container\">\n        <img decoding=\"async\" src=\"https:\/\/etmb.fr\/web\/wp-content\/uploads\/2024\/11\/Logo_Alone_Blue.png\" alt=\"Default Image\" class=\"default\">\n        <img decoding=\"async\" src=\"https:\/\/etmb.fr\/web\/wp-content\/uploads\/2024\/11\/Logo_Alone-2.png\" alt=\"Hover Image\" class=\"hover\">\n    <\/div>\n    <h2 style=\"color:#04407D\" class=\"imgtxt\">BUSINESS LINES<\/h2>\n<\/div>\n\n<\/body>\n<\/html>\n\t\t\t\t<\/div>\n\t\t\t\t<\/div>\n\t\t<div class=\"elementor-element elementor-element-3ca9dae e-con-full e-flex e-con e-child\" data-id=\"3ca9dae\" data-element_type=\"container\">\n\t\t<div class=\"elementor-element elementor-element-7761f40 e-con-full e-flex e-con e-child\" data-id=\"7761f40\" data-element_type=\"container\">\n\t\t\t\t<div class=\"elementor-element elementor-element-ecba705 elementor-widget elementor-widget-image\" data-id=\"ecba705\" data-element_type=\"widget\" data-settings=\"{&quot;motion_fx_motion_fx_scrolling&quot;:&quot;yes&quot;,&quot;motion_fx_scale_effect&quot;:&quot;yes&quot;,&quot;motion_fx_scale_speed&quot;:{&quot;unit&quot;:&quot;px&quot;,&quot;size&quot;:2,&quot;sizes&quot;:[]},&quot;motion_fx_devices&quot;:[&quot;mobile&quot;],&quot;motion_fx_scale_direction&quot;:&quot;out-in&quot;,&quot;motion_fx_scale_range&quot;:{&quot;unit&quot;:&quot;%&quot;,&quot;size&quot;:&quot;&quot;,&quot;sizes&quot;:{&quot;start&quot;:20,&quot;end&quot;:80}}}\" data-widget_type=\"image.default\">\n\t\t\t\t<div class=\"elementor-widget-container\">\n\t\t\t\t\t\t\t\t\t\t\t\t\t\t\t<img fetchpriority=\"high\" decoding=\"async\" width=\"1920\" height=\"1080\" src=\"https:\/\/etmb.fr\/wp-content\/uploads\/2024\/12\/Domaine-de-Montcel_IMG_0551_graded.jpg\" class=\"attachment-full size-full wp-image-3011\" alt=\"\" srcset=\"https:\/\/etmb.fr\/wp-content\/uploads\/2024\/12\/Domaine-de-Montcel_IMG_0551_graded.jpg 1920w, https:\/\/etmb.fr\/wp-content\/uploads\/2024\/12\/Domaine-de-Montcel_IMG_0551_graded-300x169.jpg 300w, https:\/\/etmb.fr\/wp-content\/uploads\/2024\/12\/Domaine-de-Montcel_IMG_0551_graded-1024x576.jpg 1024w, https:\/\/etmb.fr\/wp-content\/uploads\/2024\/12\/Domaine-de-Montcel_IMG_0551_graded-768x432.jpg 768w, https:\/\/etmb.fr\/wp-content\/uploads\/2024\/12\/Domaine-de-Montcel_IMG_0551_graded-1536x864.jpg 1536w, https:\/\/etmb.fr\/wp-content\/uploads\/2024\/12\/Domaine-de-Montcel_IMG_0551_graded-18x10.jpg 18w\" sizes=\"(max-width: 1920px) 100vw, 1920px\" \/>\t\t\t\t\t\t\t\t\t\t\t\t\t\t\t<\/div>\n\t\t\t\t<\/div>\n\t\t\t\t<\/div>\n\t\t<div class=\"elementor-element elementor-element-33431ea e-con-full e-flex e-con e-child\" data-id=\"33431ea\" data-element_type=\"container\">\n\t\t\t\t<div class=\"elementor-element elementor-element-e302b3c elementor-invisible elementor-widget elementor-widget-image\" data-id=\"e302b3c\" data-element_type=\"widget\" data-settings=\"{&quot;_animation&quot;:&quot;fadeInDown&quot;}\" data-widget_type=\"image.default\">\n\t\t\t\t<div class=\"elementor-widget-container\">\n\t\t\t\t\t\t\t\t\t\t\t\t\t\t\t<img decoding=\"async\" width=\"734\" height=\"285\" src=\"https:\/\/etmb.fr\/wp-content\/uploads\/2024\/11\/5-e1732129041227.png\" class=\"attachment-full size-full wp-image-429\" alt=\"\" srcset=\"https:\/\/etmb.fr\/wp-content\/uploads\/2024\/11\/5-e1732129041227.png 734w, https:\/\/etmb.fr\/wp-content\/uploads\/2024\/11\/5-e1732129041227-300x116.png 300w, https:\/\/etmb.fr\/wp-content\/uploads\/2024\/11\/5-e1732129041227-18x7.png 18w\" sizes=\"(max-width: 734px) 100vw, 734px\" \/>\t\t\t\t\t\t\t\t\t\t\t\t\t\t\t<\/div>\n\t\t\t\t<\/div>\n\t\t\t\t<div class=\"elementor-element elementor-element-2690a00 elementor-invisible elementor-widget elementor-widget-heading\" data-id=\"2690a00\" data-element_type=\"widget\" data-settings=\"{&quot;_animation&quot;:&quot;fadeInDown&quot;}\" data-widget_type=\"heading.default\">\n\t\t\t\t<div class=\"elementor-widget-container\">\n\t\t\t\t\t<h3 class=\"elementor-heading-title elementor-size-default\">CARPENTRY  <br>AND INTERIORS<\/h3>\t\t\t\t<\/div>\n\t\t\t\t<\/div>\n\t\t\t\t<div class=\"elementor-element elementor-element-294127a elementor-align-center elementor-widget elementor-widget-button\" data-id=\"294127a\" data-element_type=\"widget\" data-widget_type=\"button.default\">\n\t\t\t\t<div class=\"elementor-widget-container\">\n\t\t\t\t\t\t\t\t\t<div class=\"elementor-button-wrapper\">\n\t\t\t\t\t<a class=\"elementor-button elementor-button-link elementor-size-sm\" href=\"https:\/\/etmb.fr\/en\/etmb\/\">\n\t\t\t\t\t\t<span class=\"elementor-button-content-wrapper\">\n\t\t\t\t\t\t\t\t\t<span class=\"elementor-button-text\">View More <\/span>\n\t\t\t\t\t<\/span>\n\t\t\t\t\t<\/a>\n\t\t\t\t<\/div>\n\t\t\t\t\t\t\t\t<\/div>\n\t\t\t\t<\/div>\n\t\t\t\t<\/div>\n\t\t\t\t<\/div>\n\t\t<div class=\"elementor-element elementor-element-33220fd e-con-full e-flex e-con e-child\" data-id=\"33220fd\" data-element_type=\"container\">\n\t\t<div class=\"elementor-element elementor-element-6150e61 e-con-full e-flex e-con e-child\" data-id=\"6150e61\" data-element_type=\"container\">\n\t\t\t\t<div class=\"elementor-element elementor-element-bc0a03a elementor-invisible elementor-widget elementor-widget-image\" data-id=\"bc0a03a\" data-element_type=\"widget\" data-settings=\"{&quot;_animation&quot;:&quot;fadeInDown&quot;}\" data-widget_type=\"image.default\">\n\t\t\t\t<div class=\"elementor-widget-container\">\n\t\t\t\t\t\t\t\t\t\t\t\t\t\t\t<img decoding=\"async\" width=\"944\" height=\"307\" src=\"https:\/\/etmb.fr\/wp-content\/uploads\/2024\/11\/4-e1732129255766.png\" class=\"attachment-full size-full wp-image-430\" alt=\"\" srcset=\"https:\/\/etmb.fr\/wp-content\/uploads\/2024\/11\/4-e1732129255766.png 944w, https:\/\/etmb.fr\/wp-content\/uploads\/2024\/11\/4-e1732129255766-300x98.png 300w, https:\/\/etmb.fr\/wp-content\/uploads\/2024\/11\/4-e1732129255766-768x250.png 768w, https:\/\/etmb.fr\/wp-content\/uploads\/2024\/11\/4-e1732129255766-18x6.png 18w\" sizes=\"(max-width: 944px) 100vw, 944px\" \/>\t\t\t\t\t\t\t\t\t\t\t\t\t\t\t<\/div>\n\t\t\t\t<\/div>\n\t\t\t\t<div class=\"elementor-element elementor-element-4597013 elementor-invisible elementor-widget elementor-widget-heading\" data-id=\"4597013\" data-element_type=\"widget\" data-settings=\"{&quot;_animation&quot;:&quot;fadeInDown&quot;}\" data-widget_type=\"heading.default\">\n\t\t\t\t<div class=\"elementor-widget-container\">\n\t\t\t\t\t<h3 class=\"elementor-heading-title elementor-size-default\">CONSTRUCTION<\/h3>\t\t\t\t<\/div>\n\t\t\t\t<\/div>\n\t\t\t\t<div class=\"elementor-element elementor-element-1c35cb9 elementor-align-center elementor-widget elementor-widget-button\" data-id=\"1c35cb9\" data-element_type=\"widget\" data-widget_type=\"button.default\">\n\t\t\t\t<div class=\"elementor-widget-container\">\n\t\t\t\t\t\t\t\t\t<div class=\"elementor-button-wrapper\">\n\t\t\t\t\t<a class=\"elementor-button elementor-button-link elementor-size-sm\" href=\"https:\/\/etmb.fr\/en\/puzzle\/\">\n\t\t\t\t\t\t<span class=\"elementor-button-content-wrapper\">\n\t\t\t\t\t\t\t\t\t<span class=\"elementor-button-text\">View More <\/span>\n\t\t\t\t\t<\/span>\n\t\t\t\t\t<\/a>\n\t\t\t\t<\/div>\n\t\t\t\t\t\t\t\t<\/div>\n\t\t\t\t<\/div>\n\t\t\t\t<\/div>\n\t\t<div class=\"elementor-element elementor-element-60ca87f e-con-full e-flex e-con e-child\" data-id=\"60ca87f\" data-element_type=\"container\">\n\t\t\t\t<div class=\"elementor-element elementor-element-08d066b elementor-widget elementor-widget-image\" data-id=\"08d066b\" data-element_type=\"widget\" data-settings=\"{&quot;motion_fx_motion_fx_scrolling&quot;:&quot;yes&quot;,&quot;motion_fx_scale_effect&quot;:&quot;yes&quot;,&quot;motion_fx_scale_speed&quot;:{&quot;unit&quot;:&quot;px&quot;,&quot;size&quot;:2,&quot;sizes&quot;:[]},&quot;motion_fx_devices&quot;:[&quot;mobile&quot;],&quot;motion_fx_scale_direction&quot;:&quot;out-in&quot;,&quot;motion_fx_scale_range&quot;:{&quot;unit&quot;:&quot;%&quot;,&quot;size&quot;:&quot;&quot;,&quot;sizes&quot;:{&quot;start&quot;:20,&quot;end&quot;:80}}}\" data-widget_type=\"image.default\">\n\t\t\t\t<div class=\"elementor-widget-container\">\n\t\t\t\t\t\t\t\t\t\t\t\t\t\t\t<img loading=\"lazy\" decoding=\"async\" width=\"2560\" height=\"1707\" src=\"https:\/\/etmb.fr\/wp-content\/uploads\/2024\/11\/D64A3010_Graded_for-Nos-metiers_Puzzle-scaled.jpg\" class=\"attachment-full size-full wp-image-444\" alt=\"\" srcset=\"https:\/\/etmb.fr\/wp-content\/uploads\/2024\/11\/D64A3010_Graded_for-Nos-metiers_Puzzle-scaled.jpg 2560w, https:\/\/etmb.fr\/wp-content\/uploads\/2024\/11\/D64A3010_Graded_for-Nos-metiers_Puzzle-300x200.jpg 300w, https:\/\/etmb.fr\/wp-content\/uploads\/2024\/11\/D64A3010_Graded_for-Nos-metiers_Puzzle-1024x683.jpg 1024w, https:\/\/etmb.fr\/wp-content\/uploads\/2024\/11\/D64A3010_Graded_for-Nos-metiers_Puzzle-768x512.jpg 768w, https:\/\/etmb.fr\/wp-content\/uploads\/2024\/11\/D64A3010_Graded_for-Nos-metiers_Puzzle-1536x1024.jpg 1536w, https:\/\/etmb.fr\/wp-content\/uploads\/2024\/11\/D64A3010_Graded_for-Nos-metiers_Puzzle-2048x1365.jpg 2048w, https:\/\/etmb.fr\/wp-content\/uploads\/2024\/11\/D64A3010_Graded_for-Nos-metiers_Puzzle-18x12.jpg 18w\" sizes=\"(max-width: 2560px) 100vw, 2560px\" \/>\t\t\t\t\t\t\t\t\t\t\t\t\t\t\t<\/div>\n\t\t\t\t<\/div>\n\t\t\t\t<\/div>\n\t\t\t\t<\/div>\n\t\t<div class=\"elementor-element elementor-element-ac85b21 e-con-full e-flex e-con e-child\" data-id=\"ac85b21\" data-element_type=\"container\">\n\t\t<div class=\"elementor-element elementor-element-0a0612d e-con-full e-flex e-con e-child\" data-id=\"0a0612d\" data-element_type=\"container\" data-settings=\"{&quot;motion_fx_motion_fx_scrolling&quot;:&quot;yes&quot;,&quot;motion_fx_scale_effect&quot;:&quot;yes&quot;,&quot;motion_fx_scale_speed&quot;:{&quot;unit&quot;:&quot;px&quot;,&quot;size&quot;:2,&quot;sizes&quot;:[]},&quot;motion_fx_devices&quot;:[&quot;mobile&quot;],&quot;motion_fx_scale_direction&quot;:&quot;out-in&quot;,&quot;motion_fx_scale_range&quot;:{&quot;unit&quot;:&quot;%&quot;,&quot;size&quot;:&quot;&quot;,&quot;sizes&quot;:{&quot;start&quot;:20,&quot;end&quot;:80}}}\">\n\t\t\t\t<div class=\"elementor-element elementor-element-1403a56 elementor-widget elementor-widget-image\" data-id=\"1403a56\" data-element_type=\"widget\" data-widget_type=\"image.default\">\n\t\t\t\t<div class=\"elementor-widget-container\">\n\t\t\t\t\t\t\t\t\t\t\t\t\t\t\t<img loading=\"lazy\" decoding=\"async\" width=\"800\" height=\"450\" src=\"https:\/\/etmb.fr\/wp-content\/uploads\/user_uploads\/user_1\/Asnieres_6398-1024x576.jpg\" class=\"attachment-large size-large wp-image-1934\" alt=\"\" srcset=\"https:\/\/etmb.fr\/wp-content\/uploads\/user_uploads\/user_1\/Asnieres_6398-1024x576.jpg 1024w, https:\/\/etmb.fr\/wp-content\/uploads\/user_uploads\/user_1\/Asnieres_6398-300x169.jpg 300w, https:\/\/etmb.fr\/wp-content\/uploads\/user_uploads\/user_1\/Asnieres_6398-768x432.jpg 768w, https:\/\/etmb.fr\/wp-content\/uploads\/user_uploads\/user_1\/Asnieres_6398-1536x864.jpg 1536w, https:\/\/etmb.fr\/wp-content\/uploads\/user_uploads\/user_1\/Asnieres_6398-18x10.jpg 18w, https:\/\/etmb.fr\/wp-content\/uploads\/user_uploads\/user_1\/Asnieres_6398.jpg 1920w\" sizes=\"(max-width: 800px) 100vw, 800px\" \/>\t\t\t\t\t\t\t\t\t\t\t\t\t\t\t<\/div>\n\t\t\t\t<\/div>\n\t\t\t\t<\/div>\n\t\t<div class=\"elementor-element elementor-element-a023960 e-con-full e-flex e-con e-child\" data-id=\"a023960\" data-element_type=\"container\">\n\t\t\t\t<div class=\"elementor-element elementor-element-f62f468 elementor-invisible elementor-widget elementor-widget-image\" data-id=\"f62f468\" data-element_type=\"widget\" data-settings=\"{&quot;_animation&quot;:&quot;fadeInDown&quot;}\" data-widget_type=\"image.default\">\n\t\t\t\t<div class=\"elementor-widget-container\">\n\t\t\t\t\t\t\t\t\t\t\t\t\t\t\t<img loading=\"lazy\" decoding=\"async\" width=\"918\" height=\"250\" src=\"https:\/\/etmb.fr\/wp-content\/uploads\/2024\/11\/3-e1732130240274.png\" class=\"attachment-full size-full wp-image-443\" alt=\"\" srcset=\"https:\/\/etmb.fr\/wp-content\/uploads\/2024\/11\/3-e1732130240274.png 918w, https:\/\/etmb.fr\/wp-content\/uploads\/2024\/11\/3-e1732130240274-300x82.png 300w, https:\/\/etmb.fr\/wp-content\/uploads\/2024\/11\/3-e1732130240274-768x209.png 768w, https:\/\/etmb.fr\/wp-content\/uploads\/2024\/11\/3-e1732130240274-18x5.png 18w\" sizes=\"(max-width: 918px) 100vw, 918px\" \/>\t\t\t\t\t\t\t\t\t\t\t\t\t\t\t<\/div>\n\t\t\t\t<\/div>\n\t\t\t\t<div class=\"elementor-element elementor-element-503d8e0 elementor-invisible elementor-widget elementor-widget-heading\" data-id=\"503d8e0\" data-element_type=\"widget\" data-settings=\"{&quot;_animation&quot;:&quot;fadeInDown&quot;}\" data-widget_type=\"heading.default\">\n\t\t\t\t<div class=\"elementor-widget-container\">\n\t\t\t\t\t<h3 class=\"elementor-heading-title elementor-size-default\">METALWORKING <br>ET M\u00c9TALLERIE<\/h3>\t\t\t\t<\/div>\n\t\t\t\t<\/div>\n\t\t\t\t<div class=\"elementor-element elementor-element-6cda08e elementor-align-center elementor-widget elementor-widget-button\" data-id=\"6cda08e\" data-element_type=\"widget\" data-widget_type=\"button.default\">\n\t\t\t\t<div class=\"elementor-widget-container\">\n\t\t\t\t\t\t\t\t\t<div class=\"elementor-button-wrapper\">\n\t\t\t\t\t<a class=\"elementor-button elementor-button-link elementor-size-sm\" href=\"https:\/\/etmb.fr\/en\/ladm\/\">\n\t\t\t\t\t\t<span class=\"elementor-button-content-wrapper\">\n\t\t\t\t\t\t\t\t\t<span class=\"elementor-button-text\">View More <\/span>\n\t\t\t\t\t<\/span>\n\t\t\t\t\t<\/a>\n\t\t\t\t<\/div>\n\t\t\t\t\t\t\t\t<\/div>\n\t\t\t\t<\/div>\n\t\t\t\t<\/div>\n\t\t\t\t<\/div>\n\t\t\t\t<\/div>\n\t\t\t\t<\/div>","protected":false},"excerpt":{"rendered":"<p>Image Hover with Inline Text NOS M\u00c9TIERS MENUISERIE ET AGENCEMENT Voir Plus CONSTRUCTION Voir Plus SERRURERIE ET M\u00c9TALLERIE Voir Plus<\/p>","protected":false},"author":1,"featured_media":0,"parent":0,"menu_order":0,"comment_status":"closed","ping_status":"closed","template":"","meta":{"footnotes":""},"class_list":["post-411","page","type-page","status-publish","hentry"],"yoast_head":"<!-- This site is optimized with the Yoast SEO plugin v24.4 - https:\/\/yoast.com\/wordpress\/plugins\/seo\/ -->\n<title>Nos M\u00e9tiers - ETMB Groupe<\/title>\n<meta name=\"robots\" content=\"index, follow, max-snippet:-1, max-image-preview:large, max-video-preview:-1\" \/>\n<link rel=\"canonical\" href=\"https:\/\/etmb.fr\/en\/nos-metiers\/\" \/>\n<meta property=\"og:locale\" content=\"en_US\" \/>\n<meta property=\"og:type\" content=\"article\" \/>\n<meta property=\"og:title\" content=\"Nos M\u00e9tiers - ETMB Groupe\" \/>\n<meta property=\"og:description\" content=\"Image Hover with Inline Text NOS M\u00c9TIERS MENUISERIE ET AGENCEMENT Voir Plus CONSTRUCTION Voir Plus SERRURERIE ET M\u00c9TALLERIE Voir Plus\" \/>\n<meta property=\"og:url\" content=\"https:\/\/etmb.fr\/en\/nos-metiers\/\" \/>\n<meta property=\"og:site_name\" content=\"ETMB Groupe\" \/>\n<meta property=\"article:modified_time\" content=\"2024-12-19T18:57:49+00:00\" \/>\n<meta property=\"og:image\" content=\"https:\/\/etmb.fr\/web\/wp-content\/uploads\/2024\/11\/Logo_Alone_Blue.png\" \/>\n<meta name=\"twitter:card\" content=\"summary_large_image\" \/>\n<script type=\"application\/ld+json\" class=\"yoast-schema-graph\">{\"@context\":\"https:\/\/schema.org\",\"@graph\":[{\"@type\":\"WebPage\",\"@id\":\"https:\/\/etmb.fr\/nos-metiers\/\",\"url\":\"https:\/\/etmb.fr\/nos-metiers\/\",\"name\":\"Nos M\u00e9tiers - ETMB Groupe\",\"isPartOf\":{\"@id\":\"https:\/\/etmb.fr\/#website\"},\"primaryImageOfPage\":{\"@id\":\"https:\/\/etmb.fr\/nos-metiers\/#primaryimage\"},\"image\":{\"@id\":\"https:\/\/etmb.fr\/nos-metiers\/#primaryimage\"},\"thumbnailUrl\":\"https:\/\/etmb.fr\/web\/wp-content\/uploads\/2024\/11\/Logo_Alone_Blue.png\",\"datePublished\":\"2024-11-20T18:28:51+00:00\",\"dateModified\":\"2024-12-19T18:57:49+00:00\",\"breadcrumb\":{\"@id\":\"https:\/\/etmb.fr\/nos-metiers\/#breadcrumb\"},\"inLanguage\":\"en-US\",\"potentialAction\":[{\"@type\":\"ReadAction\",\"target\":[\"https:\/\/etmb.fr\/nos-metiers\/\"]}]},{\"@type\":\"ImageObject\",\"inLanguage\":\"en-US\",\"@id\":\"https:\/\/etmb.fr\/nos-metiers\/#primaryimage\",\"url\":\"https:\/\/etmb.fr\/web\/wp-content\/uploads\/2024\/11\/Logo_Alone_Blue.png\",\"contentUrl\":\"https:\/\/etmb.fr\/web\/wp-content\/uploads\/2024\/11\/Logo_Alone_Blue.png\"},{\"@type\":\"BreadcrumbList\",\"@id\":\"https:\/\/etmb.fr\/nos-metiers\/#breadcrumb\",\"itemListElement\":[{\"@type\":\"ListItem\",\"position\":1,\"name\":\"Home\",\"item\":\"https:\/\/etmb.fr\/\"},{\"@type\":\"ListItem\",\"position\":2,\"name\":\"Nos M\u00e9tiers\"}]},{\"@type\":\"WebSite\",\"@id\":\"https:\/\/etmb.fr\/#website\",\"url\":\"https:\/\/etmb.fr\/\",\"name\":\"ETMB Groupe\",\"description\":\"ETMB Groupe\",\"publisher\":{\"@id\":\"https:\/\/etmb.fr\/#organization\"},\"potentialAction\":[{\"@type\":\"SearchAction\",\"target\":{\"@type\":\"EntryPoint\",\"urlTemplate\":\"https:\/\/etmb.fr\/?s={search_term_string}\"},\"query-input\":{\"@type\":\"PropertyValueSpecification\",\"valueRequired\":true,\"valueName\":\"search_term_string\"}}],\"inLanguage\":\"en-US\"},{\"@type\":\"Organization\",\"@id\":\"https:\/\/etmb.fr\/#organization\",\"name\":\"ETMB Groupe\",\"url\":\"https:\/\/etmb.fr\/\",\"logo\":{\"@type\":\"ImageObject\",\"inLanguage\":\"en-US\",\"@id\":\"https:\/\/etmb.fr\/#\/schema\/logo\/image\/\",\"url\":\"https:\/\/etmb.fr\/wp-content\/uploads\/2024\/11\/w-ETMB-Groupe_FR_Logo-e1732133516525.png\",\"contentUrl\":\"https:\/\/etmb.fr\/wp-content\/uploads\/2024\/11\/w-ETMB-Groupe_FR_Logo-e1732133516525.png\",\"width\":1964,\"height\":936,\"caption\":\"ETMB Groupe\"},\"image\":{\"@id\":\"https:\/\/etmb.fr\/#\/schema\/logo\/image\/\"}}]}<\/script>\n<!-- \/ Yoast SEO plugin. -->","yoast_head_json":{"title":"Nos M\u00e9tiers - ETMB Groupe","robots":{"index":"index","follow":"follow","max-snippet":"max-snippet:-1","max-image-preview":"max-image-preview:large","max-video-preview":"max-video-preview:-1"},"canonical":"https:\/\/etmb.fr\/en\/nos-metiers\/","og_locale":"en_US","og_type":"article","og_title":"Nos M\u00e9tiers - ETMB Groupe","og_description":"Image Hover with Inline Text NOS M\u00c9TIERS MENUISERIE ET AGENCEMENT Voir Plus CONSTRUCTION Voir Plus SERRURERIE ET M\u00c9TALLERIE Voir Plus","og_url":"https:\/\/etmb.fr\/en\/nos-metiers\/","og_site_name":"ETMB Groupe","article_modified_time":"2024-12-19T18:57:49+00:00","og_image":[{"url":"https:\/\/etmb.fr\/web\/wp-content\/uploads\/2024\/11\/Logo_Alone_Blue.png","type":"","width":"","height":""}],"twitter_card":"summary_large_image","schema":{"@context":"https:\/\/schema.org","@graph":[{"@type":"WebPage","@id":"https:\/\/etmb.fr\/nos-metiers\/","url":"https:\/\/etmb.fr\/nos-metiers\/","name":"Nos M\u00e9tiers - ETMB Groupe","isPartOf":{"@id":"https:\/\/etmb.fr\/#website"},"primaryImageOfPage":{"@id":"https:\/\/etmb.fr\/nos-metiers\/#primaryimage"},"image":{"@id":"https:\/\/etmb.fr\/nos-metiers\/#primaryimage"},"thumbnailUrl":"https:\/\/etmb.fr\/web\/wp-content\/uploads\/2024\/11\/Logo_Alone_Blue.png","datePublished":"2024-11-20T18:28:51+00:00","dateModified":"2024-12-19T18:57:49+00:00","breadcrumb":{"@id":"https:\/\/etmb.fr\/nos-metiers\/#breadcrumb"},"inLanguage":"en-US","potentialAction":[{"@type":"ReadAction","target":["https:\/\/etmb.fr\/nos-metiers\/"]}]},{"@type":"ImageObject","inLanguage":"en-US","@id":"https:\/\/etmb.fr\/nos-metiers\/#primaryimage","url":"https:\/\/etmb.fr\/web\/wp-content\/uploads\/2024\/11\/Logo_Alone_Blue.png","contentUrl":"https:\/\/etmb.fr\/web\/wp-content\/uploads\/2024\/11\/Logo_Alone_Blue.png"},{"@type":"BreadcrumbList","@id":"https:\/\/etmb.fr\/nos-metiers\/#breadcrumb","itemListElement":[{"@type":"ListItem","position":1,"name":"Home","item":"https:\/\/etmb.fr\/"},{"@type":"ListItem","position":2,"name":"Nos M\u00e9tiers"}]},{"@type":"WebSite","@id":"https:\/\/etmb.fr\/#website","url":"https:\/\/etmb.fr\/","name":"ETMB Groupe","description":"ETMB Groupe","publisher":{"@id":"https:\/\/etmb.fr\/#organization"},"potentialAction":[{"@type":"SearchAction","target":{"@type":"EntryPoint","urlTemplate":"https:\/\/etmb.fr\/?s={search_term_string}"},"query-input":{"@type":"PropertyValueSpecification","valueRequired":true,"valueName":"search_term_string"}}],"inLanguage":"en-US"},{"@type":"Organization","@id":"https:\/\/etmb.fr\/#organization","name":"ETMB Groupe","url":"https:\/\/etmb.fr\/","logo":{"@type":"ImageObject","inLanguage":"en-US","@id":"https:\/\/etmb.fr\/#\/schema\/logo\/image\/","url":"https:\/\/etmb.fr\/wp-content\/uploads\/2024\/11\/w-ETMB-Groupe_FR_Logo-e1732133516525.png","contentUrl":"https:\/\/etmb.fr\/wp-content\/uploads\/2024\/11\/w-ETMB-Groupe_FR_Logo-e1732133516525.png","width":1964,"height":936,"caption":"ETMB Groupe"},"image":{"@id":"https:\/\/etmb.fr\/#\/schema\/logo\/image\/"}}]}},"_links":{"self":[{"href":"https:\/\/etmb.fr\/en\/wp-json\/wp\/v2\/pages\/411","targetHints":{"allow":["GET"]}}],"collection":[{"href":"https:\/\/etmb.fr\/en\/wp-json\/wp\/v2\/pages"}],"about":[{"href":"https:\/\/etmb.fr\/en\/wp-json\/wp\/v2\/types\/page"}],"author":[{"embeddable":true,"href":"https:\/\/etmb.fr\/en\/wp-json\/wp\/v2\/users\/1"}],"replies":[{"embeddable":true,"href":"https:\/\/etmb.fr\/en\/wp-json\/wp\/v2\/comments?post=411"}],"version-history":[{"count":93,"href":"https:\/\/etmb.fr\/en\/wp-json\/wp\/v2\/pages\/411\/revisions"}],"predecessor-version":[{"id":4075,"href":"https:\/\/etmb.fr\/en\/wp-json\/wp\/v2\/pages\/411\/revisions\/4075"}],"wp:attachment":[{"href":"https:\/\/etmb.fr\/en\/wp-json\/wp\/v2\/media?parent=411"}],"curies":[{"name":"wp","href":"https:\/\/api.w.org\/{rel}","templated":true}]}}