{"id":61,"date":"2024-11-18T19:38:18","date_gmt":"2024-11-18T19:38:18","guid":{"rendered":"https:\/\/etmb.fr\/website\/?page_id=61"},"modified":"2024-12-18T20:38:34","modified_gmt":"2024-12-18T20:38:34","slug":"notre-savoir-faire","status":"publish","type":"page","link":"https:\/\/etmb.fr\/en\/notre-savoir-faire\/","title":{"rendered":"Our Expertise"},"content":{"rendered":"<div data-elementor-type=\"wp-page\" data-elementor-id=\"61\" class=\"elementor elementor-61\" data-elementor-post-type=\"page\">\n\t\t\t\t<div class=\"elementor-element elementor-element-b82c023 e-con-full slider-container e-flex e-con e-parent\" data-id=\"b82c023\" data-element_type=\"container\">\n\t\t\t\t<div class=\"elementor-element elementor-element-2540786 elementor--h-position-left elementor--v-position-middle elementor-arrows-position-inside elementor-pagination-position-inside elementor-widget elementor-widget-slides\" data-id=\"2540786\" data-element_type=\"widget\" data-settings=\"{&quot;autoplay_speed&quot;:3000,&quot;transition&quot;:&quot;fade&quot;,&quot;navigation&quot;:&quot;both&quot;,&quot;autoplay&quot;:&quot;yes&quot;,&quot;pause_on_hover&quot;:&quot;yes&quot;,&quot;pause_on_interaction&quot;:&quot;yes&quot;,&quot;infinite&quot;:&quot;yes&quot;,&quot;transition_speed&quot;:500}\" data-widget_type=\"slides.default\">\n\t\t\t\t<div class=\"elementor-widget-container\">\n\t\t\t\t\t\t\t\t\t<div class=\"elementor-swiper\">\n\t\t\t\t\t<div class=\"elementor-slides-wrapper elementor-main-swiper swiper\" role=\"region\" aria-roledescription=\"carousel\" aria-label=\"Diapositives\" dir=\"ltr\" data-animation=\"fadeInDown\">\n\t\t\t\t<div class=\"swiper-wrapper elementor-slides\">\n\t\t\t\t\t\t\t\t\t\t<div class=\"elementor-repeater-item-361772a swiper-slide\" role=\"group\" aria-roledescription=\"slide\"><div class=\"swiper-slide-bg\" role=\"img\"><\/div><div class=\"elementor-background-overlay\"><\/div><div class=\"swiper-slide-inner\" ><div class=\"swiper-slide-contents\"><h1 class=\"elementor-slide-heading\">Discover our history<\/h1><\/div><\/div><\/div>\t\t\t\t<\/div>\n\t\t\t\t\t\t\t<\/div>\n\t\t\t\t<\/div>\n\t\t\t\t\t\t\t\t<\/div>\n\t\t\t\t<\/div>\n\t\t\t\t<\/div>\n\t\t<div class=\"elementor-element elementor-element-479a5f3 e-con-full e-flex e-con e-parent\" data-id=\"479a5f3\" data-element_type=\"container\">\n\t\t\t\t<div class=\"elementor-element elementor-element-f78084d animated-slow elementor-invisible elementor-widget elementor-widget-html\" data-id=\"f78084d\" data-element_type=\"widget\" data-settings=\"{&quot;_animation&quot;:&quot;fadeInDown&quot;}\" data-widget_type=\"html.default\">\n\t\t\t\t<div class=\"elementor-widget-container\">\n\t\t\t\t\t<!DOCTYPE html>\n<html lang=\"en\">\n<head>\n    <meta charset=\"UTF-8\">\n    <meta name=\"viewport\" content=\"width=device-width, initial-scale=1.0\">\n    <title>Image Hover with Inline Text<\/title>\n \n<\/head>\n<body>\n\n<div class=\"container56\">\n    <div class=\"image-container\">\n        <img decoding=\"async\" src=\"https:\/\/etmb.fr\/web\/wp-content\/uploads\/2024\/11\/Logo_Alone_Blue.png\" alt=\"Default Image\" class=\"default\">\n        <img decoding=\"async\" src=\"https:\/\/etmb.fr\/web\/wp-content\/uploads\/2024\/11\/Logo_Alone-2.png\" alt=\"Hover Image\" class=\"hover\">\n    <\/div>\n    <h2 style=\"color:#04407D\" class=\"imgtxt\">OUR EXPERTISE<\/h2>\n<\/div>\n\n<\/body>\n<\/html>\n\t\t\t\t<\/div>\n\t\t\t\t<\/div>\n\t\t\t\t<div class=\"elementor-element elementor-element-717a71c elementor-widget elementor-widget-text-editor\" data-id=\"717a71c\" data-element_type=\"widget\" data-widget_type=\"text-editor.default\">\n\t\t\t\t<div class=\"elementor-widget-container\">\n\t\t\t\t\t\t\t\t\t<p>Since 1996, our company has stood out for its expertise and commitment in the fields of interior carpentry and woodworks, construction, and public works.<br \/>Our geographic presence provides us with the flexibility and agility to operate all over the \u00cele-de-France region. This competitive advantage grants us the means to meet our clients' demands and fulfill their needs with efficiency, support, and professionalism. This core competency widened our scope of activities to reach office buildings, business and commercial centers, as well as in educational, sports, and cultural venues.<\/p>\t\t\t\t\t\t\t\t<\/div>\n\t\t\t\t<\/div>\n\t\t\t\t<\/div>\n\t\t<div class=\"elementor-element elementor-element-9b25b43 e-con-full e-flex e-con e-parent\" data-id=\"9b25b43\" data-element_type=\"container\" data-settings=\"{&quot;background_background&quot;:&quot;classic&quot;,&quot;motion_fx_motion_fx_scrolling&quot;:&quot;yes&quot;,&quot;motion_fx_scale_effect&quot;:&quot;yes&quot;,&quot;motion_fx_scale_direction&quot;:&quot;in-out-in&quot;,&quot;motion_fx_scale_speed&quot;:{&quot;unit&quot;:&quot;px&quot;,&quot;size&quot;:-6,&quot;sizes&quot;:[]},&quot;motion_fx_scale_range&quot;:{&quot;unit&quot;:&quot;%&quot;,&quot;size&quot;:&quot;&quot;,&quot;sizes&quot;:{&quot;start&quot;:49,&quot;end&quot;:100}},&quot;motion_fx_devices&quot;:[&quot;mobile&quot;]}\">\n\t\t\t\t<\/div>\n\t\t<div class=\"elementor-element elementor-element-c074ffe e-con-full e-flex e-con e-parent\" data-id=\"c074ffe\" data-element_type=\"container\">\n\t\t\t\t<div class=\"elementor-element elementor-element-d2ffb02 animated-slow elementor-invisible elementor-widget elementor-widget-html\" data-id=\"d2ffb02\" data-element_type=\"widget\" data-settings=\"{&quot;_animation&quot;:&quot;fadeInDown&quot;}\" data-widget_type=\"html.default\">\n\t\t\t\t<div class=\"elementor-widget-container\">\n\t\t\t\t\t<!DOCTYPE html>\n<html lang=\"en\">\n<head>\n    <meta charset=\"UTF-8\">\n    <meta name=\"viewport\" content=\"width=device-width, initial-scale=1.0\">\n    <title>Image Hover with Inline Text<\/title>\n<\/head>\n<body>\n\n<div class=\"container56\">\n    <div class=\"image-container\">\n        <img decoding=\"async\" src=\"https:\/\/etmb.fr\/web\/wp-content\/uploads\/2024\/11\/Logo_Alone_Blue.png\" alt=\"Default Image\" class=\"default\">\n        <img decoding=\"async\" src=\"https:\/\/etmb.fr\/web\/wp-content\/uploads\/2024\/11\/Logo_Alone-2.png\" alt=\"Hover Image\" class=\"hover\">\n    <\/div>\n    <h2 style=\"color:#04407D\" class=\"imgtxt\">OUR COMPETENCIES<\/h2>\n<\/div>\n\n<\/body>\n<\/html>\n\t\t\t\t<\/div>\n\t\t\t\t<\/div>\n\t\t\t\t<div class=\"elementor-element elementor-element-8ea69b3 elementor-widget elementor-widget-text-editor\" data-id=\"8ea69b3\" data-element_type=\"widget\" data-widget_type=\"text-editor.default\">\n\t\t\t\t<div class=\"elementor-widget-container\">\n\t\t\t\t\t\t\t\t\t<p>We take pride in adhering to the highest standards of quality, safety, and environmental respect at every stage of our project's realization.<br \/>Our team, classified as highly talented and qualified professionals, is dedicated to the success of our clients' projects, regardless of their complexity and size.<br \/>We place our clients at the heart of our operations guarantying customized solutions to match their needs and wants.<\/p>\t\t\t\t\t\t\t\t<\/div>\n\t\t\t\t<\/div>\n\t\t\t\t<div class=\"elementor-element elementor-element-3ec204c elementor-widget elementor-widget-gallery\" data-id=\"3ec204c\" data-element_type=\"widget\" data-settings=\"{&quot;columns&quot;:2,&quot;lazyload&quot;:&quot;yes&quot;,&quot;gallery_layout&quot;:&quot;grid&quot;,&quot;columns_tablet&quot;:2,&quot;columns_mobile&quot;:1,&quot;gap&quot;:{&quot;unit&quot;:&quot;px&quot;,&quot;size&quot;:10,&quot;sizes&quot;:[]},&quot;gap_tablet&quot;:{&quot;unit&quot;:&quot;px&quot;,&quot;size&quot;:10,&quot;sizes&quot;:[]},&quot;gap_mobile&quot;:{&quot;unit&quot;:&quot;px&quot;,&quot;size&quot;:10,&quot;sizes&quot;:[]},&quot;link_to&quot;:&quot;file&quot;,&quot;aspect_ratio&quot;:&quot;3:2&quot;,&quot;overlay_background&quot;:&quot;yes&quot;,&quot;content_hover_animation&quot;:&quot;fade-in&quot;}\" data-widget_type=\"gallery.default\">\n\t\t\t\t<div class=\"elementor-widget-container\">\n\t\t\t\t\t\t\t<div class=\"elementor-gallery__container\">\n\t\t\t\t\t\t\t<a class=\"e-gallery-item elementor-gallery-item elementor-animated-content\" href=\"https:\/\/etmb.fr\/wp-content\/uploads\/2024\/11\/IMG_0546_CC-scaled.jpg\" data-elementor-open-lightbox=\"yes\" data-elementor-lightbox-slideshow=\"3ec204c\" data-elementor-lightbox-title=\"IMG_0546_CC\" data-e-action-hash=\"#elementor-action%3Aaction%3Dlightbox%26settings%3DeyJpZCI6MjQ5LCJ1cmwiOiJodHRwczpcL1wvZXRtYi5mclwvd3AtY29udGVudFwvdXBsb2Fkc1wvMjAyNFwvMTFcL0lNR18wNTQ2X0NDLXNjYWxlZC5qcGciLCJzbGlkZXNob3ciOiIzZWMyMDRjIn0%3D\">\n\t\t\t\t\t<div class=\"e-gallery-image elementor-gallery-item__image\" data-thumbnail=\"https:\/\/etmb.fr\/wp-content\/uploads\/2024\/11\/IMG_0546_CC-scaled.jpg\" data-width=\"2560\" data-height=\"1707\" aria-label=\"\" role=\"img\" ><\/div>\n\t\t\t\t\t\t\t\t\t\t\t<div class=\"elementor-gallery-item__overlay\"><\/div>\n\t\t\t\t\t\t\t\t\t\t\t\t\t\t<\/a>\n\t\t\t\t\t\t\t<a class=\"e-gallery-item elementor-gallery-item elementor-animated-content\" href=\"https:\/\/etmb.fr\/wp-content\/uploads\/2024\/11\/IMG_1196_CC_graded_1080.jpg\" data-elementor-open-lightbox=\"yes\" data-elementor-lightbox-slideshow=\"3ec204c\" data-elementor-lightbox-title=\"IMG_1196_CC_graded_1080\" data-e-action-hash=\"#elementor-action%3Aaction%3Dlightbox%26settings%3DeyJpZCI6MjUwLCJ1cmwiOiJodHRwczpcL1wvZXRtYi5mclwvd3AtY29udGVudFwvdXBsb2Fkc1wvMjAyNFwvMTFcL0lNR18xMTk2X0NDX2dyYWRlZF8xMDgwLmpwZyIsInNsaWRlc2hvdyI6IjNlYzIwNGMifQ%3D%3D\">\n\t\t\t\t\t<div class=\"e-gallery-image elementor-gallery-item__image\" data-thumbnail=\"https:\/\/etmb.fr\/wp-content\/uploads\/2024\/11\/IMG_1196_CC_graded_1080.jpg\" data-width=\"1920\" data-height=\"1080\" aria-label=\"\" role=\"img\" ><\/div>\n\t\t\t\t\t\t\t\t\t\t\t<div class=\"elementor-gallery-item__overlay\"><\/div>\n\t\t\t\t\t\t\t\t\t\t\t\t\t\t<\/a>\n\t\t\t\t\t<\/div>\n\t\t\t\t\t<\/div>\n\t\t\t\t<\/div>\n\t\t\t\t<\/div>\n\t\t\t\t<\/div>","protected":false},"excerpt":{"rendered":"<p>D\u00e9couvrez notre histoire Image Hover with Inline Text NOTRE SAVOIR FAIRE Depuis 1996, notre entreprise se distingue par son expertise et son engagement dans le secteur de la menuiserie int\u00e9rieure, du b\u00e2timent et des travaux publics.Notre ancrage g\u00e9ographique nous permet de rayonner dans toute l&rsquo;\u00cele-de-France dans le but de satisfaire l\u2019exigence de nos clients par [&hellip;]<\/p>","protected":false},"author":1,"featured_media":0,"parent":0,"menu_order":0,"comment_status":"closed","ping_status":"closed","template":"","meta":{"footnotes":""},"class_list":["post-61","page","type-page","status-publish","hentry"],"yoast_head":"<!-- This site is optimized with the Yoast SEO plugin v24.4 - https:\/\/yoast.com\/wordpress\/plugins\/seo\/ -->\n<title>Notre Savoir Faire - ETMB Groupe<\/title>\n<meta name=\"robots\" content=\"index, follow, max-snippet:-1, max-image-preview:large, max-video-preview:-1\" \/>\n<link rel=\"canonical\" href=\"https:\/\/etmb.fr\/en\/notre-savoir-faire\/\" \/>\n<meta property=\"og:locale\" content=\"en_US\" \/>\n<meta property=\"og:type\" content=\"article\" \/>\n<meta property=\"og:title\" content=\"Notre Savoir Faire - ETMB Groupe\" \/>\n<meta property=\"og:description\" content=\"D\u00e9couvrez notre histoire Image Hover with Inline Text NOTRE SAVOIR FAIRE Depuis 1996, notre entreprise se distingue par son expertise et son engagement dans le secteur de la menuiserie int\u00e9rieure, du b\u00e2timent et des travaux publics.Notre ancrage g\u00e9ographique nous permet de rayonner dans toute l&rsquo;\u00cele-de-France dans le but de satisfaire l\u2019exigence de nos clients par [&hellip;]\" \/>\n<meta property=\"og:url\" content=\"https:\/\/etmb.fr\/en\/notre-savoir-faire\/\" \/>\n<meta property=\"og:site_name\" content=\"ETMB Groupe\" \/>\n<meta property=\"article:modified_time\" content=\"2024-12-18T20:38:34+00:00\" \/>\n<meta property=\"og:image\" content=\"https:\/\/etmb.fr\/web\/wp-content\/uploads\/2024\/11\/Logo_Alone_Blue.png\" \/>\n<meta name=\"twitter:card\" content=\"summary_large_image\" \/>\n<meta name=\"twitter:label1\" content=\"Est. reading time\" \/>\n\t<meta name=\"twitter:data1\" content=\"1 minute\" \/>\n<script type=\"application\/ld+json\" class=\"yoast-schema-graph\">{\"@context\":\"https:\/\/schema.org\",\"@graph\":[{\"@type\":\"WebPage\",\"@id\":\"https:\/\/etmb.fr\/notre-savoir-faire\/\",\"url\":\"https:\/\/etmb.fr\/notre-savoir-faire\/\",\"name\":\"Notre Savoir Faire - ETMB Groupe\",\"isPartOf\":{\"@id\":\"https:\/\/etmb.fr\/#website\"},\"primaryImageOfPage\":{\"@id\":\"https:\/\/etmb.fr\/notre-savoir-faire\/#primaryimage\"},\"image\":{\"@id\":\"https:\/\/etmb.fr\/notre-savoir-faire\/#primaryimage\"},\"thumbnailUrl\":\"https:\/\/etmb.fr\/web\/wp-content\/uploads\/2024\/11\/Logo_Alone_Blue.png\",\"datePublished\":\"2024-11-18T19:38:18+00:00\",\"dateModified\":\"2024-12-18T20:38:34+00:00\",\"breadcrumb\":{\"@id\":\"https:\/\/etmb.fr\/notre-savoir-faire\/#breadcrumb\"},\"inLanguage\":\"en-US\",\"potentialAction\":[{\"@type\":\"ReadAction\",\"target\":[\"https:\/\/etmb.fr\/notre-savoir-faire\/\"]}]},{\"@type\":\"ImageObject\",\"inLanguage\":\"en-US\",\"@id\":\"https:\/\/etmb.fr\/notre-savoir-faire\/#primaryimage\",\"url\":\"https:\/\/etmb.fr\/web\/wp-content\/uploads\/2024\/11\/Logo_Alone_Blue.png\",\"contentUrl\":\"https:\/\/etmb.fr\/web\/wp-content\/uploads\/2024\/11\/Logo_Alone_Blue.png\"},{\"@type\":\"BreadcrumbList\",\"@id\":\"https:\/\/etmb.fr\/notre-savoir-faire\/#breadcrumb\",\"itemListElement\":[{\"@type\":\"ListItem\",\"position\":1,\"name\":\"Home\",\"item\":\"https:\/\/etmb.fr\/\"},{\"@type\":\"ListItem\",\"position\":2,\"name\":\"Notre Savoir Faire\"}]},{\"@type\":\"WebSite\",\"@id\":\"https:\/\/etmb.fr\/#website\",\"url\":\"https:\/\/etmb.fr\/\",\"name\":\"ETMB Groupe\",\"description\":\"ETMB Groupe\",\"publisher\":{\"@id\":\"https:\/\/etmb.fr\/#organization\"},\"potentialAction\":[{\"@type\":\"SearchAction\",\"target\":{\"@type\":\"EntryPoint\",\"urlTemplate\":\"https:\/\/etmb.fr\/?s={search_term_string}\"},\"query-input\":{\"@type\":\"PropertyValueSpecification\",\"valueRequired\":true,\"valueName\":\"search_term_string\"}}],\"inLanguage\":\"en-US\"},{\"@type\":\"Organization\",\"@id\":\"https:\/\/etmb.fr\/#organization\",\"name\":\"ETMB Groupe\",\"url\":\"https:\/\/etmb.fr\/\",\"logo\":{\"@type\":\"ImageObject\",\"inLanguage\":\"en-US\",\"@id\":\"https:\/\/etmb.fr\/#\/schema\/logo\/image\/\",\"url\":\"https:\/\/etmb.fr\/wp-content\/uploads\/2024\/11\/w-ETMB-Groupe_FR_Logo-e1732133516525.png\",\"contentUrl\":\"https:\/\/etmb.fr\/wp-content\/uploads\/2024\/11\/w-ETMB-Groupe_FR_Logo-e1732133516525.png\",\"width\":1964,\"height\":936,\"caption\":\"ETMB Groupe\"},\"image\":{\"@id\":\"https:\/\/etmb.fr\/#\/schema\/logo\/image\/\"}}]}<\/script>\n<!-- \/ Yoast SEO plugin. -->","yoast_head_json":{"title":"Notre Savoir Faire - ETMB Groupe","robots":{"index":"index","follow":"follow","max-snippet":"max-snippet:-1","max-image-preview":"max-image-preview:large","max-video-preview":"max-video-preview:-1"},"canonical":"https:\/\/etmb.fr\/en\/notre-savoir-faire\/","og_locale":"en_US","og_type":"article","og_title":"Notre Savoir Faire - ETMB Groupe","og_description":"D\u00e9couvrez notre histoire Image Hover with Inline Text NOTRE SAVOIR FAIRE Depuis 1996, notre entreprise se distingue par son expertise et son engagement dans le secteur de la menuiserie int\u00e9rieure, du b\u00e2timent et des travaux publics.Notre ancrage g\u00e9ographique nous permet de rayonner dans toute l&rsquo;\u00cele-de-France dans le but de satisfaire l\u2019exigence de nos clients par [&hellip;]","og_url":"https:\/\/etmb.fr\/en\/notre-savoir-faire\/","og_site_name":"ETMB Groupe","article_modified_time":"2024-12-18T20:38:34+00:00","og_image":[{"url":"https:\/\/etmb.fr\/web\/wp-content\/uploads\/2024\/11\/Logo_Alone_Blue.png","type":"","width":"","height":""}],"twitter_card":"summary_large_image","twitter_misc":{"Est. reading time":"1 minute"},"schema":{"@context":"https:\/\/schema.org","@graph":[{"@type":"WebPage","@id":"https:\/\/etmb.fr\/notre-savoir-faire\/","url":"https:\/\/etmb.fr\/notre-savoir-faire\/","name":"Notre Savoir Faire - ETMB Groupe","isPartOf":{"@id":"https:\/\/etmb.fr\/#website"},"primaryImageOfPage":{"@id":"https:\/\/etmb.fr\/notre-savoir-faire\/#primaryimage"},"image":{"@id":"https:\/\/etmb.fr\/notre-savoir-faire\/#primaryimage"},"thumbnailUrl":"https:\/\/etmb.fr\/web\/wp-content\/uploads\/2024\/11\/Logo_Alone_Blue.png","datePublished":"2024-11-18T19:38:18+00:00","dateModified":"2024-12-18T20:38:34+00:00","breadcrumb":{"@id":"https:\/\/etmb.fr\/notre-savoir-faire\/#breadcrumb"},"inLanguage":"en-US","potentialAction":[{"@type":"ReadAction","target":["https:\/\/etmb.fr\/notre-savoir-faire\/"]}]},{"@type":"ImageObject","inLanguage":"en-US","@id":"https:\/\/etmb.fr\/notre-savoir-faire\/#primaryimage","url":"https:\/\/etmb.fr\/web\/wp-content\/uploads\/2024\/11\/Logo_Alone_Blue.png","contentUrl":"https:\/\/etmb.fr\/web\/wp-content\/uploads\/2024\/11\/Logo_Alone_Blue.png"},{"@type":"BreadcrumbList","@id":"https:\/\/etmb.fr\/notre-savoir-faire\/#breadcrumb","itemListElement":[{"@type":"ListItem","position":1,"name":"Home","item":"https:\/\/etmb.fr\/"},{"@type":"ListItem","position":2,"name":"Notre Savoir Faire"}]},{"@type":"WebSite","@id":"https:\/\/etmb.fr\/#website","url":"https:\/\/etmb.fr\/","name":"ETMB Groupe","description":"ETMB Groupe","publisher":{"@id":"https:\/\/etmb.fr\/#organization"},"potentialAction":[{"@type":"SearchAction","target":{"@type":"EntryPoint","urlTemplate":"https:\/\/etmb.fr\/?s={search_term_string}"},"query-input":{"@type":"PropertyValueSpecification","valueRequired":true,"valueName":"search_term_string"}}],"inLanguage":"en-US"},{"@type":"Organization","@id":"https:\/\/etmb.fr\/#organization","name":"ETMB Groupe","url":"https:\/\/etmb.fr\/","logo":{"@type":"ImageObject","inLanguage":"en-US","@id":"https:\/\/etmb.fr\/#\/schema\/logo\/image\/","url":"https:\/\/etmb.fr\/wp-content\/uploads\/2024\/11\/w-ETMB-Groupe_FR_Logo-e1732133516525.png","contentUrl":"https:\/\/etmb.fr\/wp-content\/uploads\/2024\/11\/w-ETMB-Groupe_FR_Logo-e1732133516525.png","width":1964,"height":936,"caption":"ETMB Groupe"},"image":{"@id":"https:\/\/etmb.fr\/#\/schema\/logo\/image\/"}}]}},"_links":{"self":[{"href":"https:\/\/etmb.fr\/en\/wp-json\/wp\/v2\/pages\/61","targetHints":{"allow":["GET"]}}],"collection":[{"href":"https:\/\/etmb.fr\/en\/wp-json\/wp\/v2\/pages"}],"about":[{"href":"https:\/\/etmb.fr\/en\/wp-json\/wp\/v2\/types\/page"}],"author":[{"embeddable":true,"href":"https:\/\/etmb.fr\/en\/wp-json\/wp\/v2\/users\/1"}],"replies":[{"embeddable":true,"href":"https:\/\/etmb.fr\/en\/wp-json\/wp\/v2\/comments?post=61"}],"version-history":[{"count":121,"href":"https:\/\/etmb.fr\/en\/wp-json\/wp\/v2\/pages\/61\/revisions"}],"predecessor-version":[{"id":4037,"href":"https:\/\/etmb.fr\/en\/wp-json\/wp\/v2\/pages\/61\/revisions\/4037"}],"wp:attachment":[{"href":"https:\/\/etmb.fr\/en\/wp-json\/wp\/v2\/media?parent=61"}],"curies":[{"name":"wp","href":"https:\/\/api.w.org\/{rel}","templated":true}]}}