{"id":63,"date":"2024-11-18T19:38:32","date_gmt":"2024-11-18T19:38:32","guid":{"rendered":"https:\/\/etmb.fr\/website\/?page_id=63"},"modified":"2026-02-12T01:31:48","modified_gmt":"2026-02-12T00:31:48","slug":"comite-de-direction","status":"publish","type":"page","link":"https:\/\/etmb.fr\/en\/comite-de-direction\/","title":{"rendered":"Executive Committee"},"content":{"rendered":"<div data-elementor-type=\"wp-page\" data-elementor-id=\"63\" class=\"elementor elementor-63\" data-elementor-post-type=\"page\">\n\t\t\t\t<div class=\"elementor-element elementor-element-f968064 e-con-full e-flex e-con e-parent\" data-id=\"f968064\" data-element_type=\"container\" data-settings=\"{&quot;background_background&quot;:&quot;classic&quot;}\">\n\t\t\t\t<\/div>\n\t\t<div class=\"elementor-element elementor-element-686760f e-con-full e-flex e-con e-child\" data-id=\"686760f\" data-element_type=\"container\">\n\t\t<div class=\"elementor-element elementor-element-d71b408 e-con-full e-flex e-con e-child\" data-id=\"d71b408\" data-element_type=\"container\">\n\t\t\t\t<div class=\"elementor-element elementor-element-94d4b09 animated-slow elementor-invisible elementor-widget elementor-widget-html\" data-id=\"94d4b09\" data-element_type=\"widget\" data-settings=\"{&quot;_animation&quot;:&quot;fadeInDown&quot;}\" data-widget_type=\"html.default\">\n\t\t\t\t<div class=\"elementor-widget-container\">\n\t\t\t\t\t<!DOCTYPE html>\n<html lang=\"en\">\n<head>\n    <meta charset=\"UTF-8\">\n    <meta name=\"viewport\" content=\"width=device-width, initial-scale=1.0\">\n    <title>Image Hover with Inline Text<\/title>\n   \n<\/head>\n<body>\n\n<div class=\"container56\">\n    <div class=\"image-container\">\n        <img decoding=\"async\" src=\"https:\/\/etmb.fr\/web\/wp-content\/uploads\/2024\/11\/Logo_Alone_Blue.png\" alt=\"Default Image\" class=\"default\">\n        <img decoding=\"async\" src=\"https:\/\/etmb.fr\/web\/wp-content\/uploads\/2024\/11\/Logo_Alone-2.png\" alt=\"Hover Image\" class=\"hover\">\n    <\/div>\n    <h2 style=\"color:#04407D\" class=\"imgtxt\">EXECUTIVE COMMITTEE<\/h2>\n<\/div>\n\n<\/body>\n<\/html>\n\t\t\t\t<\/div>\n\t\t\t\t<\/div>\n\t\t\t\t<div class=\"elementor-element elementor-element-5b66709 elementor-widget elementor-widget-text-editor\" data-id=\"5b66709\" data-element_type=\"widget\" data-widget_type=\"text-editor.default\">\n\t\t\t\t<div class=\"elementor-widget-container\">\n\t\t\t\t\t\t\t\t\t<p>Meet our Executive Committee, a group of passionate and dedicated experts who guide ETMB Group towards excellence.<\/p><p>With their diverse experience in the construction, interior works and carpentry, these strategic leaders ensure that every decision is oriented towards quality, innovation, and customer satisfaction.<\/p><p>Together, they shape the future of our company by fostering a corporate culture based on integrity, quality services and respect for human values.<\/p>\t\t\t\t\t\t\t\t<\/div>\n\t\t\t\t<\/div>\n\t\t\t\t<\/div>\n\t\t<div class=\"elementor-element elementor-element-99c5e1b e-con-full e-flex elementor-invisible e-con e-child\" data-id=\"99c5e1b\" data-element_type=\"container\" data-settings=\"{&quot;animation&quot;:&quot;fadeIn&quot;}\">\n\t\t\t\t<div class=\"elementor-element elementor-element-d76cc59 elementor-position-top elementor-widget elementor-widget-image-box\" data-id=\"d76cc59\" data-element_type=\"widget\" data-widget_type=\"image-box.default\">\n\t\t\t\t<div class=\"elementor-widget-container\">\n\t\t\t\t\t<div class=\"elementor-image-box-wrapper\"><figure class=\"elementor-image-box-img\"><img fetchpriority=\"high\" decoding=\"async\" width=\"1920\" height=\"2560\" src=\"https:\/\/etmb.fr\/wp-content\/uploads\/2024\/11\/photo-Bassam_graded-scaled.jpg\" class=\"attachment-full size-full wp-image-392\" alt=\"\" srcset=\"https:\/\/etmb.fr\/wp-content\/uploads\/2024\/11\/photo-Bassam_graded-scaled.jpg 1920w, https:\/\/etmb.fr\/wp-content\/uploads\/2024\/11\/photo-Bassam_graded-225x300.jpg 225w, https:\/\/etmb.fr\/wp-content\/uploads\/2024\/11\/photo-Bassam_graded-768x1024.jpg 768w, https:\/\/etmb.fr\/wp-content\/uploads\/2024\/11\/photo-Bassam_graded-1152x1536.jpg 1152w, https:\/\/etmb.fr\/wp-content\/uploads\/2024\/11\/photo-Bassam_graded-1536x2048.jpg 1536w, https:\/\/etmb.fr\/wp-content\/uploads\/2024\/11\/photo-Bassam_graded-9x12.jpg 9w\" sizes=\"(max-width: 1920px) 100vw, 1920px\" \/><\/figure><div class=\"elementor-image-box-content\"><h3 class=\"elementor-image-box-title\">Bassam EL KHOURY <\/h3><p class=\"elementor-image-box-description\">Chairman - CEO<\/p><\/div><\/div>\t\t\t\t<\/div>\n\t\t\t\t<\/div>\n\t\t\t\t<\/div>\n\t\t\t\t<\/div>\n\t\t<div class=\"elementor-element elementor-element-7f195ac e-con-full e-flex e-con e-parent\" data-id=\"7f195ac\" data-element_type=\"container\">\n\t\t<div class=\"elementor-element elementor-element-71dcae9 e-con-full e-grid elementor-hidden-tablet elementor-hidden-mobile e-con e-child\" data-id=\"71dcae9\" data-element_type=\"container\">\n\t\t<div class=\"elementor-element elementor-element-bc838e8 e-con-full e-flex e-con e-child\" data-id=\"bc838e8\" data-element_type=\"container\">\n\t\t\t\t<div class=\"elementor-element elementor-element-cf77dd8 elementor-widget elementor-widget-text-editor\" data-id=\"cf77dd8\" data-element_type=\"widget\" data-widget_type=\"text-editor.default\">\n\t\t\t\t<div class=\"elementor-widget-container\">\n\t\t\t\t\t\t\t\t\t<p><b>Rebecca EL KHOURY<\/b><br \/><em>Executive Assistant<\/em><\/p>\t\t\t\t\t\t\t\t<\/div>\n\t\t\t\t<\/div>\n\t\t\t\t<\/div>\n\t\t<div class=\"elementor-element elementor-element-c2e3cbf e-con-full e-flex e-con e-child\" data-id=\"c2e3cbf\" data-element_type=\"container\">\n\t\t\t\t<div class=\"elementor-element elementor-element-cdd3069 elementor-widget elementor-widget-text-editor\" data-id=\"cdd3069\" data-element_type=\"widget\" data-widget_type=\"text-editor.default\">\n\t\t\t\t<div class=\"elementor-widget-container\">\n\t\t\t\t\t\t\t\t\t<p><b>Elie EL KASSIS<\/b><br \/><em>Exploitation Director \u2013 Woodwork interiors<\/em><\/p>\t\t\t\t\t\t\t\t<\/div>\n\t\t\t\t<\/div>\n\t\t\t\t<\/div>\n\t\t<div class=\"elementor-element elementor-element-33ae72d e-con-full e-flex e-con e-child\" data-id=\"33ae72d\" data-element_type=\"container\">\n\t\t\t\t<div class=\"elementor-element elementor-element-2a26385 elementor-widget elementor-widget-text-editor\" data-id=\"2a26385\" data-element_type=\"widget\" data-widget_type=\"text-editor.default\">\n\t\t\t\t<div class=\"elementor-widget-container\">\n\t\t\t\t\t\t\t\t\t<p><b>Abdo RIZKALLAH CLEMENT <\/b><br \/><em>Director of Business Development<\/em><\/p>\t\t\t\t\t\t\t\t<\/div>\n\t\t\t\t<\/div>\n\t\t\t\t<\/div>\n\t\t<div class=\"elementor-element elementor-element-8a975ec e-con-full e-flex e-con e-child\" data-id=\"8a975ec\" data-element_type=\"container\">\n\t\t\t\t<div class=\"elementor-element elementor-element-285f7a7 elementor-widget elementor-widget-text-editor\" data-id=\"285f7a7\" data-element_type=\"widget\" data-widget_type=\"text-editor.default\">\n\t\t\t\t<div class=\"elementor-widget-container\">\n\t\t\t\t\t\t\t\t\t<p><b>Claire LEPICARD<\/b><br \/><em>Chief Accountant<\/em><\/p>\t\t\t\t\t\t\t\t<\/div>\n\t\t\t\t<\/div>\n\t\t\t\t<\/div>\n\t\t<div class=\"elementor-element elementor-element-d50757f e-con-full e-flex e-con e-child\" data-id=\"d50757f\" data-element_type=\"container\">\n\t\t\t\t<div class=\"elementor-element elementor-element-4536522 elementor-widget elementor-widget-text-editor\" data-id=\"4536522\" data-element_type=\"widget\" data-widget_type=\"text-editor.default\">\n\t\t\t\t<div class=\"elementor-widget-container\">\n\t\t\t\t\t\t\t\t\t<p><strong>Abdelhamid ABOUD<\/strong><br \/><em>Exploitation Director \u2013 Construction<\/em><\/p>\t\t\t\t\t\t\t\t<\/div>\n\t\t\t\t<\/div>\n\t\t\t\t<\/div>\n\t\t<div class=\"elementor-element elementor-element-1a67a1e e-con-full e-flex e-con e-child\" data-id=\"1a67a1e\" data-element_type=\"container\">\n\t\t\t\t<div class=\"elementor-element elementor-element-edb25c5 elementor-widget elementor-widget-text-editor\" data-id=\"edb25c5\" data-element_type=\"widget\" data-widget_type=\"text-editor.default\">\n\t\t\t\t<div class=\"elementor-widget-container\">\n\t\t\t\t\t\t\t\t\t<p><b>Elie EL KHOURY <\/b><br \/><em>Chief Audit<\/em><\/p>\t\t\t\t\t\t\t\t<\/div>\n\t\t\t\t<\/div>\n\t\t\t\t<\/div>\n\t\t\t\t<\/div>\n\t\t<div class=\"elementor-element elementor-element-ba5cafc e-con-full e-grid elementor-hidden-desktop e-con e-child\" data-id=\"ba5cafc\" data-element_type=\"container\">\n\t\t<div class=\"elementor-element elementor-element-20fa1c0 e-con-full e-flex e-con e-child\" data-id=\"20fa1c0\" data-element_type=\"container\">\n\t\t\t\t<div class=\"elementor-element elementor-element-909c641 elementor-widget elementor-widget-text-editor\" data-id=\"909c641\" data-element_type=\"widget\" data-widget_type=\"text-editor.default\">\n\t\t\t\t<div class=\"elementor-widget-container\">\n\t\t\t\t\t\t\t\t\t<p><b>Rebecca EL KHOURY<\/b><br \/><em>Executive Assistant<\/em><\/p>\t\t\t\t\t\t\t\t<\/div>\n\t\t\t\t<\/div>\n\t\t\t\t<\/div>\n\t\t<div class=\"elementor-element elementor-element-a0f09d5 e-con-full e-flex e-con e-child\" data-id=\"a0f09d5\" data-element_type=\"container\">\n\t\t\t\t<div class=\"elementor-element elementor-element-7378185 elementor-widget elementor-widget-text-editor\" data-id=\"7378185\" data-element_type=\"widget\" data-widget_type=\"text-editor.default\">\n\t\t\t\t<div class=\"elementor-widget-container\">\n\t\t\t\t\t\t\t\t\t<p><b>Claire LEPICARD<\/b><br \/><em>Chief Accountant<\/em><\/p>\t\t\t\t\t\t\t\t<\/div>\n\t\t\t\t<\/div>\n\t\t\t\t<\/div>\n\t\t<div class=\"elementor-element elementor-element-f6edac5 e-con-full e-flex e-con e-child\" data-id=\"f6edac5\" data-element_type=\"container\">\n\t\t\t\t<div class=\"elementor-element elementor-element-fab0555 elementor-widget elementor-widget-text-editor\" data-id=\"fab0555\" data-element_type=\"widget\" data-widget_type=\"text-editor.default\">\n\t\t\t\t<div class=\"elementor-widget-container\">\n\t\t\t\t\t\t\t\t\t<p><b>Abdo RIZKALLAH CLEMENT <\/b><br \/><em>Director of Business Development<\/em><\/p>\t\t\t\t\t\t\t\t<\/div>\n\t\t\t\t<\/div>\n\t\t\t\t<\/div>\n\t\t<div class=\"elementor-element elementor-element-7c263f9 e-con-full e-flex e-con e-child\" data-id=\"7c263f9\" data-element_type=\"container\">\n\t\t\t\t<div class=\"elementor-element elementor-element-a0545c9 elementor-widget elementor-widget-text-editor\" data-id=\"a0545c9\" data-element_type=\"widget\" data-widget_type=\"text-editor.default\">\n\t\t\t\t<div class=\"elementor-widget-container\">\n\t\t\t\t\t\t\t\t\t<p><b>Elie EL KASSIS<\/b><br \/><em>Exploitation Director \u2013 Woodwork interiors<\/em><\/p>\t\t\t\t\t\t\t\t<\/div>\n\t\t\t\t<\/div>\n\t\t\t\t<\/div>\n\t\t<div class=\"elementor-element elementor-element-c0ad842 e-con-full e-flex e-con e-child\" data-id=\"c0ad842\" data-element_type=\"container\">\n\t\t\t\t<div class=\"elementor-element elementor-element-2fc40b3 elementor-widget elementor-widget-text-editor\" data-id=\"2fc40b3\" data-element_type=\"widget\" data-widget_type=\"text-editor.default\">\n\t\t\t\t<div class=\"elementor-widget-container\">\n\t\t\t\t\t\t\t\t\t<p><strong>Abdelhamid ABOUD<\/strong><br \/><em>Exploitation Director \u2013 Construction<\/em><\/p>\t\t\t\t\t\t\t\t<\/div>\n\t\t\t\t<\/div>\n\t\t\t\t<\/div>\n\t\t<div class=\"elementor-element elementor-element-115677f e-con-full e-flex e-con e-child\" data-id=\"115677f\" data-element_type=\"container\">\n\t\t\t\t<div class=\"elementor-element elementor-element-47378ef elementor-widget elementor-widget-text-editor\" data-id=\"47378ef\" data-element_type=\"widget\" data-widget_type=\"text-editor.default\">\n\t\t\t\t<div class=\"elementor-widget-container\">\n\t\t\t\t\t\t\t\t\t<p><b>Elie EL KHOURY <\/b><br \/><em>Chief Audit<\/em><\/p>\t\t\t\t\t\t\t\t<\/div>\n\t\t\t\t<\/div>\n\t\t\t\t<\/div>\n\t\t\t\t<\/div>\n\t\t\t\t<\/div>\n\t\t\t\t<\/div>","protected":false},"excerpt":{"rendered":"<p>Image Hover with Inline Text COMITE DE DIRECTION D\u00e9couvrez notre Comit\u00e9 de Direction, un groupe d&rsquo;experts passionn\u00e9s et engag\u00e9s qui guide LE GROUPE ETMB vers l&rsquo;excellence. Forts de leur exp\u00e9rience diversifi\u00e9e dans les secteurs du BTP, de la menuiserie et de l&rsquo;am\u00e9nagement, ces leaders strat\u00e9giques veillent \u00e0 ce que chaque d\u00e9cision soit orient\u00e9e vers la [&hellip;]<\/p>","protected":false},"author":1,"featured_media":0,"parent":0,"menu_order":0,"comment_status":"closed","ping_status":"closed","template":"","meta":{"footnotes":""},"class_list":["post-63","page","type-page","status-publish","hentry"],"yoast_head":"<!-- This site is optimized with the Yoast SEO plugin v24.4 - https:\/\/yoast.com\/wordpress\/plugins\/seo\/ -->\n<title>Comit\u00e9 de Direction - ETMB Groupe<\/title>\n<meta name=\"robots\" content=\"index, follow, max-snippet:-1, max-image-preview:large, max-video-preview:-1\" \/>\n<link rel=\"canonical\" href=\"https:\/\/etmb.fr\/en\/comite-de-direction\/\" \/>\n<meta property=\"og:locale\" content=\"en_US\" \/>\n<meta property=\"og:type\" content=\"article\" \/>\n<meta property=\"og:title\" content=\"Comit\u00e9 de Direction - ETMB Groupe\" \/>\n<meta property=\"og:description\" content=\"Image Hover with Inline Text COMITE DE DIRECTION D\u00e9couvrez notre Comit\u00e9 de Direction, un groupe d&rsquo;experts passionn\u00e9s et engag\u00e9s qui guide LE GROUPE ETMB vers l&rsquo;excellence. Forts de leur exp\u00e9rience diversifi\u00e9e dans les secteurs du BTP, de la menuiserie et de l&rsquo;am\u00e9nagement, ces leaders strat\u00e9giques veillent \u00e0 ce que chaque d\u00e9cision soit orient\u00e9e vers la [&hellip;]\" \/>\n<meta property=\"og:url\" content=\"https:\/\/etmb.fr\/en\/comite-de-direction\/\" \/>\n<meta property=\"og:site_name\" content=\"ETMB Groupe\" \/>\n<meta property=\"article:modified_time\" content=\"2026-02-12T00:31:48+00:00\" \/>\n<meta property=\"og:image\" content=\"https:\/\/etmb.fr\/web\/wp-content\/uploads\/2024\/11\/Logo_Alone_Blue.png\" \/>\n<meta name=\"twitter:card\" content=\"summary_large_image\" \/>\n<meta name=\"twitter:label1\" content=\"Est. reading time\" \/>\n\t<meta name=\"twitter:data1\" content=\"2 minutes\" \/>\n<script type=\"application\/ld+json\" class=\"yoast-schema-graph\">{\"@context\":\"https:\/\/schema.org\",\"@graph\":[{\"@type\":\"WebPage\",\"@id\":\"https:\/\/etmb.fr\/comite-de-direction\/\",\"url\":\"https:\/\/etmb.fr\/comite-de-direction\/\",\"name\":\"Comit\u00e9 de Direction - ETMB Groupe\",\"isPartOf\":{\"@id\":\"https:\/\/etmb.fr\/#website\"},\"primaryImageOfPage\":{\"@id\":\"https:\/\/etmb.fr\/comite-de-direction\/#primaryimage\"},\"image\":{\"@id\":\"https:\/\/etmb.fr\/comite-de-direction\/#primaryimage\"},\"thumbnailUrl\":\"https:\/\/etmb.fr\/web\/wp-content\/uploads\/2024\/11\/Logo_Alone_Blue.png\",\"datePublished\":\"2024-11-18T19:38:32+00:00\",\"dateModified\":\"2026-02-12T00:31:48+00:00\",\"breadcrumb\":{\"@id\":\"https:\/\/etmb.fr\/comite-de-direction\/#breadcrumb\"},\"inLanguage\":\"en-US\",\"potentialAction\":[{\"@type\":\"ReadAction\",\"target\":[\"https:\/\/etmb.fr\/comite-de-direction\/\"]}]},{\"@type\":\"ImageObject\",\"inLanguage\":\"en-US\",\"@id\":\"https:\/\/etmb.fr\/comite-de-direction\/#primaryimage\",\"url\":\"https:\/\/etmb.fr\/web\/wp-content\/uploads\/2024\/11\/Logo_Alone_Blue.png\",\"contentUrl\":\"https:\/\/etmb.fr\/web\/wp-content\/uploads\/2024\/11\/Logo_Alone_Blue.png\"},{\"@type\":\"BreadcrumbList\",\"@id\":\"https:\/\/etmb.fr\/comite-de-direction\/#breadcrumb\",\"itemListElement\":[{\"@type\":\"ListItem\",\"position\":1,\"name\":\"Home\",\"item\":\"https:\/\/etmb.fr\/\"},{\"@type\":\"ListItem\",\"position\":2,\"name\":\"Comit\u00e9 de Direction\"}]},{\"@type\":\"WebSite\",\"@id\":\"https:\/\/etmb.fr\/#website\",\"url\":\"https:\/\/etmb.fr\/\",\"name\":\"ETMB Groupe\",\"description\":\"ETMB Groupe\",\"publisher\":{\"@id\":\"https:\/\/etmb.fr\/#organization\"},\"potentialAction\":[{\"@type\":\"SearchAction\",\"target\":{\"@type\":\"EntryPoint\",\"urlTemplate\":\"https:\/\/etmb.fr\/?s={search_term_string}\"},\"query-input\":{\"@type\":\"PropertyValueSpecification\",\"valueRequired\":true,\"valueName\":\"search_term_string\"}}],\"inLanguage\":\"en-US\"},{\"@type\":\"Organization\",\"@id\":\"https:\/\/etmb.fr\/#organization\",\"name\":\"ETMB Groupe\",\"url\":\"https:\/\/etmb.fr\/\",\"logo\":{\"@type\":\"ImageObject\",\"inLanguage\":\"en-US\",\"@id\":\"https:\/\/etmb.fr\/#\/schema\/logo\/image\/\",\"url\":\"https:\/\/etmb.fr\/wp-content\/uploads\/2024\/11\/w-ETMB-Groupe_FR_Logo-e1732133516525.png\",\"contentUrl\":\"https:\/\/etmb.fr\/wp-content\/uploads\/2024\/11\/w-ETMB-Groupe_FR_Logo-e1732133516525.png\",\"width\":1964,\"height\":936,\"caption\":\"ETMB Groupe\"},\"image\":{\"@id\":\"https:\/\/etmb.fr\/#\/schema\/logo\/image\/\"}}]}<\/script>\n<!-- \/ Yoast SEO plugin. -->","yoast_head_json":{"title":"Comit\u00e9 de Direction - ETMB Groupe","robots":{"index":"index","follow":"follow","max-snippet":"max-snippet:-1","max-image-preview":"max-image-preview:large","max-video-preview":"max-video-preview:-1"},"canonical":"https:\/\/etmb.fr\/en\/comite-de-direction\/","og_locale":"en_US","og_type":"article","og_title":"Comit\u00e9 de Direction - ETMB Groupe","og_description":"Image Hover with Inline Text COMITE DE DIRECTION D\u00e9couvrez notre Comit\u00e9 de Direction, un groupe d&rsquo;experts passionn\u00e9s et engag\u00e9s qui guide LE GROUPE ETMB vers l&rsquo;excellence. Forts de leur exp\u00e9rience diversifi\u00e9e dans les secteurs du BTP, de la menuiserie et de l&rsquo;am\u00e9nagement, ces leaders strat\u00e9giques veillent \u00e0 ce que chaque d\u00e9cision soit orient\u00e9e vers la [&hellip;]","og_url":"https:\/\/etmb.fr\/en\/comite-de-direction\/","og_site_name":"ETMB Groupe","article_modified_time":"2026-02-12T00:31:48+00:00","og_image":[{"url":"https:\/\/etmb.fr\/web\/wp-content\/uploads\/2024\/11\/Logo_Alone_Blue.png","type":"","width":"","height":""}],"twitter_card":"summary_large_image","twitter_misc":{"Est. reading time":"2 minutes"},"schema":{"@context":"https:\/\/schema.org","@graph":[{"@type":"WebPage","@id":"https:\/\/etmb.fr\/comite-de-direction\/","url":"https:\/\/etmb.fr\/comite-de-direction\/","name":"Comit\u00e9 de Direction - ETMB Groupe","isPartOf":{"@id":"https:\/\/etmb.fr\/#website"},"primaryImageOfPage":{"@id":"https:\/\/etmb.fr\/comite-de-direction\/#primaryimage"},"image":{"@id":"https:\/\/etmb.fr\/comite-de-direction\/#primaryimage"},"thumbnailUrl":"https:\/\/etmb.fr\/web\/wp-content\/uploads\/2024\/11\/Logo_Alone_Blue.png","datePublished":"2024-11-18T19:38:32+00:00","dateModified":"2026-02-12T00:31:48+00:00","breadcrumb":{"@id":"https:\/\/etmb.fr\/comite-de-direction\/#breadcrumb"},"inLanguage":"en-US","potentialAction":[{"@type":"ReadAction","target":["https:\/\/etmb.fr\/comite-de-direction\/"]}]},{"@type":"ImageObject","inLanguage":"en-US","@id":"https:\/\/etmb.fr\/comite-de-direction\/#primaryimage","url":"https:\/\/etmb.fr\/web\/wp-content\/uploads\/2024\/11\/Logo_Alone_Blue.png","contentUrl":"https:\/\/etmb.fr\/web\/wp-content\/uploads\/2024\/11\/Logo_Alone_Blue.png"},{"@type":"BreadcrumbList","@id":"https:\/\/etmb.fr\/comite-de-direction\/#breadcrumb","itemListElement":[{"@type":"ListItem","position":1,"name":"Home","item":"https:\/\/etmb.fr\/"},{"@type":"ListItem","position":2,"name":"Comit\u00e9 de Direction"}]},{"@type":"WebSite","@id":"https:\/\/etmb.fr\/#website","url":"https:\/\/etmb.fr\/","name":"ETMB Groupe","description":"ETMB Groupe","publisher":{"@id":"https:\/\/etmb.fr\/#organization"},"potentialAction":[{"@type":"SearchAction","target":{"@type":"EntryPoint","urlTemplate":"https:\/\/etmb.fr\/?s={search_term_string}"},"query-input":{"@type":"PropertyValueSpecification","valueRequired":true,"valueName":"search_term_string"}}],"inLanguage":"en-US"},{"@type":"Organization","@id":"https:\/\/etmb.fr\/#organization","name":"ETMB Groupe","url":"https:\/\/etmb.fr\/","logo":{"@type":"ImageObject","inLanguage":"en-US","@id":"https:\/\/etmb.fr\/#\/schema\/logo\/image\/","url":"https:\/\/etmb.fr\/wp-content\/uploads\/2024\/11\/w-ETMB-Groupe_FR_Logo-e1732133516525.png","contentUrl":"https:\/\/etmb.fr\/wp-content\/uploads\/2024\/11\/w-ETMB-Groupe_FR_Logo-e1732133516525.png","width":1964,"height":936,"caption":"ETMB Groupe"},"image":{"@id":"https:\/\/etmb.fr\/#\/schema\/logo\/image\/"}}]}},"_links":{"self":[{"href":"https:\/\/etmb.fr\/en\/wp-json\/wp\/v2\/pages\/63","targetHints":{"allow":["GET"]}}],"collection":[{"href":"https:\/\/etmb.fr\/en\/wp-json\/wp\/v2\/pages"}],"about":[{"href":"https:\/\/etmb.fr\/en\/wp-json\/wp\/v2\/types\/page"}],"author":[{"embeddable":true,"href":"https:\/\/etmb.fr\/en\/wp-json\/wp\/v2\/users\/1"}],"replies":[{"embeddable":true,"href":"https:\/\/etmb.fr\/en\/wp-json\/wp\/v2\/comments?post=63"}],"version-history":[{"count":128,"href":"https:\/\/etmb.fr\/en\/wp-json\/wp\/v2\/pages\/63\/revisions"}],"predecessor-version":[{"id":4537,"href":"https:\/\/etmb.fr\/en\/wp-json\/wp\/v2\/pages\/63\/revisions\/4537"}],"wp:attachment":[{"href":"https:\/\/etmb.fr\/en\/wp-json\/wp\/v2\/media?parent=63"}],"curies":[{"name":"wp","href":"https:\/\/api.w.org\/{rel}","templated":true}]}}