{"id":65,"date":"2024-11-18T19:38:48","date_gmt":"2024-11-18T19:38:48","guid":{"rendered":"https:\/\/etmb.fr\/website\/?page_id=65"},"modified":"2024-12-07T21:44:32","modified_gmt":"2024-12-07T21:44:32","slug":"etmb","status":"publish","type":"page","link":"https:\/\/etmb.fr\/en\/etmb\/","title":{"rendered":"ETMB"},"content":{"rendered":"<div data-elementor-type=\"wp-page\" data-elementor-id=\"65\" class=\"elementor elementor-65\" data-elementor-post-type=\"page\">\n\t\t\t\t<div class=\"elementor-element elementor-element-62dacfc e-con-full slider-container e-flex e-con e-parent\" data-id=\"62dacfc\" data-element_type=\"container\">\n\t\t\t\t<div class=\"elementor-element elementor-element-e85f092 elementor--h-position-left elementor--v-position-middle elementor-widget elementor-widget-slides\" data-id=\"e85f092\" data-element_type=\"widget\" data-settings=\"{&quot;autoplay_speed&quot;:6000,&quot;transition&quot;:&quot;fade&quot;,&quot;navigation&quot;:&quot;none&quot;,&quot;autoplay&quot;:&quot;yes&quot;,&quot;infinite&quot;:&quot;yes&quot;,&quot;transition_speed&quot;:500}\" data-widget_type=\"slides.default\">\n\t\t\t\t<div class=\"elementor-widget-container\">\n\t\t\t\t\t\t\t\t\t<div class=\"elementor-swiper\">\n\t\t\t\t\t<div class=\"elementor-slides-wrapper elementor-main-swiper swiper\" role=\"region\" aria-roledescription=\"carousel\" aria-label=\"Diapositives\" dir=\"ltr\" data-animation=\"fadeInDown\">\n\t\t\t\t<div class=\"swiper-wrapper elementor-slides\">\n\t\t\t\t\t\t\t\t\t\t<div class=\"elementor-repeater-item-1134aac swiper-slide\" role=\"group\" aria-roledescription=\"slide\"><div class=\"swiper-slide-bg\" role=\"img\"><\/div><div class=\"elementor-background-overlay\"><\/div><div class=\"swiper-slide-inner\" ><div class=\"swiper-slide-contents\"><\/div><\/div><\/div><div class=\"elementor-repeater-item-5d213bc swiper-slide\" role=\"group\" aria-roledescription=\"slide\"><div class=\"swiper-slide-bg\" role=\"img\"><\/div><div class=\"elementor-background-overlay\"><\/div><div class=\"swiper-slide-inner\" ><div class=\"swiper-slide-contents\"><\/div><\/div><\/div>\t\t\t\t<\/div>\n\t\t\t\t\t\t\t\t\t\t\t\t\t\t\t\t\t\t\t\t\t<\/div>\n\t\t\t\t<\/div>\n\t\t\t\t\t\t\t\t<\/div>\n\t\t\t\t<\/div>\n\t\t\t\t<\/div>\n\t\t<div class=\"elementor-element elementor-element-1274c46 e-con-full e-flex e-con e-parent\" data-id=\"1274c46\" data-element_type=\"container\">\n\t\t<div class=\"elementor-element elementor-element-4f14100 e-con-full e-flex e-con e-child\" data-id=\"4f14100\" data-element_type=\"container\">\n\t\t<div class=\"elementor-element elementor-element-13f0a79 e-con-full e-flex e-con e-child\" data-id=\"13f0a79\" data-element_type=\"container\">\n\t\t\t\t<div class=\"elementor-element elementor-element-6226005 elementor-invisible elementor-widget elementor-widget-heading\" data-id=\"6226005\" data-element_type=\"widget\" data-settings=\"{&quot;_animation&quot;:&quot;fadeInDown&quot;}\" data-widget_type=\"heading.default\">\n\t\t\t\t<div class=\"elementor-widget-container\">\n\t\t\t\t\t<h2 class=\"elementor-heading-title elementor-size-default\">CARPENTRY AND INTERIORS<\/h2>\t\t\t\t<\/div>\n\t\t\t\t<\/div>\n\t\t\t\t<\/div>\n\t\t<div class=\"elementor-element elementor-element-aa834ee e-con-full e-flex e-con e-child\" data-id=\"aa834ee\" data-element_type=\"container\">\n\t\t\t\t<div class=\"elementor-element elementor-element-2cce031 elementor-invisible elementor-widget elementor-widget-image\" data-id=\"2cce031\" data-element_type=\"widget\" data-settings=\"{&quot;_animation&quot;:&quot;fadeInDown&quot;}\" data-widget_type=\"image.default\">\n\t\t\t\t<div class=\"elementor-widget-container\">\n\t\t\t\t\t\t\t\t\t\t\t\t\t\t\t<img fetchpriority=\"high\" decoding=\"async\" width=\"734\" height=\"285\" src=\"https:\/\/etmb.fr\/wp-content\/uploads\/2024\/11\/5-e1732129041227.png\" class=\"attachment-full size-full wp-image-429\" alt=\"\" srcset=\"https:\/\/etmb.fr\/wp-content\/uploads\/2024\/11\/5-e1732129041227.png 734w, https:\/\/etmb.fr\/wp-content\/uploads\/2024\/11\/5-e1732129041227-300x116.png 300w, https:\/\/etmb.fr\/wp-content\/uploads\/2024\/11\/5-e1732129041227-18x7.png 18w\" sizes=\"(max-width: 734px) 100vw, 734px\" \/>\t\t\t\t\t\t\t\t\t\t\t\t\t\t\t<\/div>\n\t\t\t\t<\/div>\n\t\t\t\t<\/div>\n\t\t\t\t<\/div>\n\t\t<div class=\"elementor-element elementor-element-fd715a6 e-con-full e-flex e-con e-child\" data-id=\"fd715a6\" data-element_type=\"container\">\n\t\t<div class=\"elementor-element elementor-element-882ce15 e-con-full e-flex e-con e-child\" data-id=\"882ce15\" data-element_type=\"container\">\n\t\t\t\t<div class=\"elementor-element elementor-element-4fea41e elementor-widget elementor-widget-text-editor\" data-id=\"4fea41e\" data-element_type=\"widget\" data-widget_type=\"text-editor.default\">\n\t\t\t\t<div class=\"elementor-widget-container\">\n\t\t\t\t\t\t\t\t\t<p>Our expertise in interior woodworks and carpentry is distinguished by our ability to design, manufacture, and install custom solutions that combine aesthetics, functionality, and premium quality.<\/p><p>Whether for residential, commercial, or professional spaces, we excel in the art of details and precision in finishings to create harmonious and durable interior environments.<\/p><p>Our well-rounded know-how and the use of best quality materials are key in how we transform each space into a unique place that perfectly reflects the needs and expectations of our clients.<\/p>\t\t\t\t\t\t\t\t<\/div>\n\t\t\t\t<\/div>\n\t\t\t\t<div class=\"elementor-element elementor-element-05c6d5f elementor-align-center elementor-widget elementor-widget-button\" data-id=\"05c6d5f\" data-element_type=\"widget\" data-widget_type=\"button.default\">\n\t\t\t\t<div class=\"elementor-widget-container\">\n\t\t\t\t\t\t\t\t\t<div class=\"elementor-button-wrapper\">\n\t\t\t\t\t<a class=\"elementor-button elementor-button-link elementor-size-sm\" href=\"https:\/\/etmb.fr\/en\/menuiserie-et-agencement\/\">\n\t\t\t\t\t\t<span class=\"elementor-button-content-wrapper\">\n\t\t\t\t\t\t\t\t\t<span class=\"elementor-button-text\">View Our Projects<\/span>\n\t\t\t\t\t<\/span>\n\t\t\t\t\t<\/a>\n\t\t\t\t<\/div>\n\t\t\t\t\t\t\t\t<\/div>\n\t\t\t\t<\/div>\n\t\t\t\t<\/div>\n\t\t<div class=\"elementor-element elementor-element-c05af54 e-con-full e-flex e-con e-child\" data-id=\"c05af54\" data-element_type=\"container\" data-settings=\"{&quot;background_background&quot;:&quot;slideshow&quot;,&quot;background_slideshow_gallery&quot;:[{&quot;id&quot;:1954,&quot;url&quot;:&quot;https:\\\/\\\/etmb.fr\\\/wp-content\\\/uploads\\\/user_uploads\\\/user_1\\\/arboretum-1_graded-scaled.jpg&quot;},{&quot;id&quot;:1582,&quot;url&quot;:&quot;https:\\\/\\\/etmb.fr\\\/wp-content\\\/uploads\\\/user_uploads\\\/user_1\\\/D64A2970_graded-scaled.jpg&quot;},{&quot;id&quot;:1960,&quot;url&quot;:&quot;https:\\\/\\\/etmb.fr\\\/wp-content\\\/uploads\\\/user_uploads\\\/user_1\\\/D64A7317_graded-scaled.jpg&quot;}],&quot;background_slideshow_loop&quot;:&quot;yes&quot;,&quot;background_slideshow_slide_duration&quot;:5000,&quot;background_slideshow_slide_transition&quot;:&quot;fade&quot;,&quot;background_slideshow_transition_duration&quot;:500}\">\n\t\t\t\t<div class=\"elementor-element elementor-element-9468671 elementor-hidden-desktop elementor-hidden-tablet elementor-hidden-mobile elementor-widget elementor-widget-image-carousel\" data-id=\"9468671\" data-element_type=\"widget\" data-settings=\"{&quot;slides_to_show&quot;:&quot;1&quot;,&quot;navigation&quot;:&quot;none&quot;,&quot;autoplay_speed&quot;:4000,&quot;effect&quot;:&quot;fade&quot;,&quot;slides_to_show_mobile&quot;:&quot;1&quot;,&quot;autoplay&quot;:&quot;yes&quot;,&quot;infinite&quot;:&quot;yes&quot;,&quot;speed&quot;:500}\" data-widget_type=\"image-carousel.default\">\n\t\t\t\t<div class=\"elementor-widget-container\">\n\t\t\t\t\t\t\t<div class=\"elementor-image-carousel-wrapper swiper\" role=\"region\" aria-roledescription=\"carousel\" aria-label=\"Carrousel d\u2019images\" dir=\"ltr\">\n\t\t\t<div class=\"elementor-image-carousel swiper-wrapper\" aria-live=\"off\">\n\t\t\t\t\t\t\t\t<div class=\"swiper-slide\" role=\"group\" aria-roledescription=\"slide\" aria-label=\"1 sur 3\"><figure class=\"swiper-slide-inner\"><img decoding=\"async\" class=\"swiper-slide-image\" src=\"https:\/\/etmb.fr\/wp-content\/uploads\/user_uploads\/user_1\/arboretum-1_graded-scaled.jpg\" alt=\"arboretum 1_graded\" \/><\/figure><\/div><div class=\"swiper-slide\" role=\"group\" aria-roledescription=\"slide\" aria-label=\"2 sur 3\"><figure class=\"swiper-slide-inner\"><img decoding=\"async\" class=\"swiper-slide-image\" src=\"https:\/\/etmb.fr\/wp-content\/uploads\/user_uploads\/user_1\/D64A2970_graded-scaled.jpg\" alt=\"D64A2970_graded\" \/><\/figure><\/div><div class=\"swiper-slide\" role=\"group\" aria-roledescription=\"slide\" aria-label=\"3 sur 3\"><figure class=\"swiper-slide-inner\"><img decoding=\"async\" class=\"swiper-slide-image\" src=\"https:\/\/etmb.fr\/wp-content\/uploads\/user_uploads\/user_1\/D64A7317_graded-scaled.jpg\" alt=\"D64A7317_graded\" \/><\/figure><\/div>\t\t\t<\/div>\n\t\t\t\t\t\t\t\n\t\t\t\t\t\t\t\t\t<\/div>\n\t\t\t\t\t\t<\/div>\n\t\t\t\t<\/div>\n\t\t\t\t<\/div>\n\t\t\t\t<\/div>\n\t\t\t\t<\/div>\n\t\t<div class=\"elementor-element elementor-element-abc9197 e-con-full e-flex e-con e-parent\" data-id=\"abc9197\" data-element_type=\"container\">\n\t\t\t\t<div class=\"elementor-element elementor-element-e612798 elementor-invisible elementor-widget elementor-widget-heading\" data-id=\"e612798\" data-element_type=\"widget\" data-settings=\"{&quot;_animation&quot;:&quot;fadeInDown&quot;}\" data-widget_type=\"heading.default\">\n\t\t\t\t<div class=\"elementor-widget-container\">\n\t\t\t\t\t<h2 class=\"elementor-heading-title elementor-size-default\">Customized premuin quality<\/h2>\t\t\t\t<\/div>\n\t\t\t\t<\/div>\n\t\t<div class=\"elementor-element elementor-element-808ef03 e-con-full e-flex e-con e-child\" data-id=\"808ef03\" data-element_type=\"container\" data-settings=\"{&quot;background_background&quot;:&quot;classic&quot;}\">\n\t\t\t\t<\/div>\n\t\t\t\t<\/div>\n\t\t\t\t<\/div>","protected":false},"excerpt":{"rendered":"<p>MENUISERIE ET AGENCEMENT Notre expertise en menuiserie int\u00e9rieure et agencement se distingue par notre capacit\u00e9 \u00e0 concevoir, fabriquer et installer des solutions sur mesure qui allient esth\u00e9tique, fonctionnalit\u00e9 et qualit\u00e9 premium. Que \u00e7a soit pour l&rsquo;am\u00e9nagement d&rsquo;espaces r\u00e9sidentiels, commerciaux ou professionnels, nous ma\u00eetrisons l&rsquo;art du d\u00e9tail et la pr\u00e9cision des finitions pour cr\u00e9er des environnements [&hellip;]<\/p>","protected":false},"author":1,"featured_media":0,"parent":0,"menu_order":0,"comment_status":"closed","ping_status":"closed","template":"","meta":{"footnotes":""},"class_list":["post-65","page","type-page","status-publish","hentry"],"yoast_head":"<!-- This site is optimized with the Yoast SEO plugin v24.4 - https:\/\/yoast.com\/wordpress\/plugins\/seo\/ -->\n<title>ETMB - ETMB Groupe<\/title>\n<meta name=\"robots\" content=\"index, follow, max-snippet:-1, max-image-preview:large, max-video-preview:-1\" \/>\n<link rel=\"canonical\" href=\"https:\/\/etmb.fr\/en\/etmb\/\" \/>\n<meta property=\"og:locale\" content=\"en_US\" \/>\n<meta property=\"og:type\" content=\"article\" \/>\n<meta property=\"og:title\" content=\"ETMB - ETMB Groupe\" \/>\n<meta property=\"og:description\" content=\"MENUISERIE ET AGENCEMENT Notre expertise en menuiserie int\u00e9rieure et agencement se distingue par notre capacit\u00e9 \u00e0 concevoir, fabriquer et installer des solutions sur mesure qui allient esth\u00e9tique, fonctionnalit\u00e9 et qualit\u00e9 premium. Que \u00e7a soit pour l&rsquo;am\u00e9nagement d&rsquo;espaces r\u00e9sidentiels, commerciaux ou professionnels, nous ma\u00eetrisons l&rsquo;art du d\u00e9tail et la pr\u00e9cision des finitions pour cr\u00e9er des environnements [&hellip;]\" \/>\n<meta property=\"og:url\" content=\"https:\/\/etmb.fr\/en\/etmb\/\" \/>\n<meta property=\"og:site_name\" content=\"ETMB Groupe\" \/>\n<meta property=\"article:modified_time\" content=\"2024-12-07T21:44:32+00:00\" \/>\n<meta property=\"og:image\" content=\"https:\/\/etmb.fr\/wp-content\/uploads\/2024\/11\/5-e1732129041227.png\" \/>\n\t<meta property=\"og:image:width\" content=\"734\" \/>\n\t<meta property=\"og:image:height\" content=\"285\" \/>\n\t<meta property=\"og:image:type\" content=\"image\/png\" \/>\n<meta name=\"twitter:card\" content=\"summary_large_image\" \/>\n<meta name=\"twitter:label1\" content=\"Est. reading time\" \/>\n\t<meta name=\"twitter:data1\" content=\"1 minute\" \/>\n<script type=\"application\/ld+json\" class=\"yoast-schema-graph\">{\"@context\":\"https:\/\/schema.org\",\"@graph\":[{\"@type\":\"WebPage\",\"@id\":\"https:\/\/etmb.fr\/etmb\/\",\"url\":\"https:\/\/etmb.fr\/etmb\/\",\"name\":\"ETMB - ETMB Groupe\",\"isPartOf\":{\"@id\":\"https:\/\/etmb.fr\/#website\"},\"primaryImageOfPage\":{\"@id\":\"https:\/\/etmb.fr\/etmb\/#primaryimage\"},\"image\":{\"@id\":\"https:\/\/etmb.fr\/etmb\/#primaryimage\"},\"thumbnailUrl\":\"https:\/\/etmb.fr\/wp-content\/uploads\/2024\/11\/5-e1732129041227.png\",\"datePublished\":\"2024-11-18T19:38:48+00:00\",\"dateModified\":\"2024-12-07T21:44:32+00:00\",\"breadcrumb\":{\"@id\":\"https:\/\/etmb.fr\/etmb\/#breadcrumb\"},\"inLanguage\":\"en-US\",\"potentialAction\":[{\"@type\":\"ReadAction\",\"target\":[\"https:\/\/etmb.fr\/etmb\/\"]}]},{\"@type\":\"ImageObject\",\"inLanguage\":\"en-US\",\"@id\":\"https:\/\/etmb.fr\/etmb\/#primaryimage\",\"url\":\"https:\/\/etmb.fr\/wp-content\/uploads\/2024\/11\/5-e1732129041227.png\",\"contentUrl\":\"https:\/\/etmb.fr\/wp-content\/uploads\/2024\/11\/5-e1732129041227.png\"},{\"@type\":\"BreadcrumbList\",\"@id\":\"https:\/\/etmb.fr\/etmb\/#breadcrumb\",\"itemListElement\":[{\"@type\":\"ListItem\",\"position\":1,\"name\":\"Home\",\"item\":\"https:\/\/etmb.fr\/\"},{\"@type\":\"ListItem\",\"position\":2,\"name\":\"ETMB\"}]},{\"@type\":\"WebSite\",\"@id\":\"https:\/\/etmb.fr\/#website\",\"url\":\"https:\/\/etmb.fr\/\",\"name\":\"ETMB Groupe\",\"description\":\"ETMB Groupe\",\"publisher\":{\"@id\":\"https:\/\/etmb.fr\/#organization\"},\"potentialAction\":[{\"@type\":\"SearchAction\",\"target\":{\"@type\":\"EntryPoint\",\"urlTemplate\":\"https:\/\/etmb.fr\/?s={search_term_string}\"},\"query-input\":{\"@type\":\"PropertyValueSpecification\",\"valueRequired\":true,\"valueName\":\"search_term_string\"}}],\"inLanguage\":\"en-US\"},{\"@type\":\"Organization\",\"@id\":\"https:\/\/etmb.fr\/#organization\",\"name\":\"ETMB Groupe\",\"url\":\"https:\/\/etmb.fr\/\",\"logo\":{\"@type\":\"ImageObject\",\"inLanguage\":\"en-US\",\"@id\":\"https:\/\/etmb.fr\/#\/schema\/logo\/image\/\",\"url\":\"https:\/\/etmb.fr\/wp-content\/uploads\/2024\/11\/w-ETMB-Groupe_FR_Logo-e1732133516525.png\",\"contentUrl\":\"https:\/\/etmb.fr\/wp-content\/uploads\/2024\/11\/w-ETMB-Groupe_FR_Logo-e1732133516525.png\",\"width\":1964,\"height\":936,\"caption\":\"ETMB Groupe\"},\"image\":{\"@id\":\"https:\/\/etmb.fr\/#\/schema\/logo\/image\/\"}}]}<\/script>\n<!-- \/ Yoast SEO plugin. -->","yoast_head_json":{"title":"ETMB - ETMB Groupe","robots":{"index":"index","follow":"follow","max-snippet":"max-snippet:-1","max-image-preview":"max-image-preview:large","max-video-preview":"max-video-preview:-1"},"canonical":"https:\/\/etmb.fr\/en\/etmb\/","og_locale":"en_US","og_type":"article","og_title":"ETMB - ETMB Groupe","og_description":"MENUISERIE ET AGENCEMENT Notre expertise en menuiserie int\u00e9rieure et agencement se distingue par notre capacit\u00e9 \u00e0 concevoir, fabriquer et installer des solutions sur mesure qui allient esth\u00e9tique, fonctionnalit\u00e9 et qualit\u00e9 premium. Que \u00e7a soit pour l&rsquo;am\u00e9nagement d&rsquo;espaces r\u00e9sidentiels, commerciaux ou professionnels, nous ma\u00eetrisons l&rsquo;art du d\u00e9tail et la pr\u00e9cision des finitions pour cr\u00e9er des environnements [&hellip;]","og_url":"https:\/\/etmb.fr\/en\/etmb\/","og_site_name":"ETMB Groupe","article_modified_time":"2024-12-07T21:44:32+00:00","og_image":[{"width":734,"height":285,"url":"https:\/\/etmb.fr\/wp-content\/uploads\/2024\/11\/5-e1732129041227.png","type":"image\/png"}],"twitter_card":"summary_large_image","twitter_misc":{"Est. reading time":"1 minute"},"schema":{"@context":"https:\/\/schema.org","@graph":[{"@type":"WebPage","@id":"https:\/\/etmb.fr\/etmb\/","url":"https:\/\/etmb.fr\/etmb\/","name":"ETMB - ETMB Groupe","isPartOf":{"@id":"https:\/\/etmb.fr\/#website"},"primaryImageOfPage":{"@id":"https:\/\/etmb.fr\/etmb\/#primaryimage"},"image":{"@id":"https:\/\/etmb.fr\/etmb\/#primaryimage"},"thumbnailUrl":"https:\/\/etmb.fr\/wp-content\/uploads\/2024\/11\/5-e1732129041227.png","datePublished":"2024-11-18T19:38:48+00:00","dateModified":"2024-12-07T21:44:32+00:00","breadcrumb":{"@id":"https:\/\/etmb.fr\/etmb\/#breadcrumb"},"inLanguage":"en-US","potentialAction":[{"@type":"ReadAction","target":["https:\/\/etmb.fr\/etmb\/"]}]},{"@type":"ImageObject","inLanguage":"en-US","@id":"https:\/\/etmb.fr\/etmb\/#primaryimage","url":"https:\/\/etmb.fr\/wp-content\/uploads\/2024\/11\/5-e1732129041227.png","contentUrl":"https:\/\/etmb.fr\/wp-content\/uploads\/2024\/11\/5-e1732129041227.png"},{"@type":"BreadcrumbList","@id":"https:\/\/etmb.fr\/etmb\/#breadcrumb","itemListElement":[{"@type":"ListItem","position":1,"name":"Home","item":"https:\/\/etmb.fr\/"},{"@type":"ListItem","position":2,"name":"ETMB"}]},{"@type":"WebSite","@id":"https:\/\/etmb.fr\/#website","url":"https:\/\/etmb.fr\/","name":"ETMB Groupe","description":"ETMB Groupe","publisher":{"@id":"https:\/\/etmb.fr\/#organization"},"potentialAction":[{"@type":"SearchAction","target":{"@type":"EntryPoint","urlTemplate":"https:\/\/etmb.fr\/?s={search_term_string}"},"query-input":{"@type":"PropertyValueSpecification","valueRequired":true,"valueName":"search_term_string"}}],"inLanguage":"en-US"},{"@type":"Organization","@id":"https:\/\/etmb.fr\/#organization","name":"ETMB Groupe","url":"https:\/\/etmb.fr\/","logo":{"@type":"ImageObject","inLanguage":"en-US","@id":"https:\/\/etmb.fr\/#\/schema\/logo\/image\/","url":"https:\/\/etmb.fr\/wp-content\/uploads\/2024\/11\/w-ETMB-Groupe_FR_Logo-e1732133516525.png","contentUrl":"https:\/\/etmb.fr\/wp-content\/uploads\/2024\/11\/w-ETMB-Groupe_FR_Logo-e1732133516525.png","width":1964,"height":936,"caption":"ETMB Groupe"},"image":{"@id":"https:\/\/etmb.fr\/#\/schema\/logo\/image\/"}}]}},"_links":{"self":[{"href":"https:\/\/etmb.fr\/en\/wp-json\/wp\/v2\/pages\/65","targetHints":{"allow":["GET"]}}],"collection":[{"href":"https:\/\/etmb.fr\/en\/wp-json\/wp\/v2\/pages"}],"about":[{"href":"https:\/\/etmb.fr\/en\/wp-json\/wp\/v2\/types\/page"}],"author":[{"embeddable":true,"href":"https:\/\/etmb.fr\/en\/wp-json\/wp\/v2\/users\/1"}],"replies":[{"embeddable":true,"href":"https:\/\/etmb.fr\/en\/wp-json\/wp\/v2\/comments?post=65"}],"version-history":[{"count":85,"href":"https:\/\/etmb.fr\/en\/wp-json\/wp\/v2\/pages\/65\/revisions"}],"predecessor-version":[{"id":3739,"href":"https:\/\/etmb.fr\/en\/wp-json\/wp\/v2\/pages\/65\/revisions\/3739"}],"wp:attachment":[{"href":"https:\/\/etmb.fr\/en\/wp-json\/wp\/v2\/media?parent=65"}],"curies":[{"name":"wp","href":"https:\/\/api.w.org\/{rel}","templated":true}]}}