{"id":67,"date":"2024-11-18T19:39:05","date_gmt":"2024-11-18T19:39:05","guid":{"rendered":"https:\/\/etmb.fr\/website\/?page_id=67"},"modified":"2024-12-07T21:43:59","modified_gmt":"2024-12-07T21:43:59","slug":"puzzle","status":"publish","type":"page","link":"https:\/\/etmb.fr\/en\/puzzle\/","title":{"rendered":"PUZZLE"},"content":{"rendered":"<div data-elementor-type=\"wp-page\" data-elementor-id=\"67\" class=\"elementor elementor-67\" data-elementor-post-type=\"page\">\n\t\t\t\t<div class=\"elementor-element elementor-element-b96e6bf e-con-full slider-container e-flex e-con e-parent\" data-id=\"b96e6bf\" data-element_type=\"container\">\n\t\t\t\t<div class=\"elementor-element elementor-element-e3ec6b9 elementor--h-position-left elementor--v-position-middle elementor-widget elementor-widget-slides\" data-id=\"e3ec6b9\" data-element_type=\"widget\" data-settings=\"{&quot;autoplay_speed&quot;:6000,&quot;transition&quot;:&quot;fade&quot;,&quot;navigation&quot;:&quot;none&quot;,&quot;autoplay&quot;:&quot;yes&quot;,&quot;infinite&quot;:&quot;yes&quot;,&quot;transition_speed&quot;:500}\" data-widget_type=\"slides.default\">\n\t\t\t\t<div class=\"elementor-widget-container\">\n\t\t\t\t\t\t\t\t\t<div class=\"elementor-swiper\">\n\t\t\t\t\t<div class=\"elementor-slides-wrapper elementor-main-swiper swiper\" role=\"region\" aria-roledescription=\"carousel\" aria-label=\"Slides\" dir=\"ltr\" data-animation=\"fadeInDown\" data-no-translation-aria-label=\"\">\n\t\t\t\t<div class=\"swiper-wrapper elementor-slides\">\n\t\t\t\t\t\t\t\t\t\t<div class=\"elementor-repeater-item-1134aac swiper-slide\" role=\"group\" aria-roledescription=\"slide\"><div class=\"swiper-slide-bg\" role=\"img\"><\/div><div class=\"elementor-background-overlay\"><\/div><div class=\"swiper-slide-inner\" ><div class=\"swiper-slide-contents\"><\/div><\/div><\/div><div class=\"elementor-repeater-item-db3f6d4 swiper-slide\" role=\"group\" aria-roledescription=\"slide\"><div class=\"swiper-slide-bg\" role=\"img\"><\/div><div class=\"elementor-background-overlay\"><\/div><div class=\"swiper-slide-inner\" ><div class=\"swiper-slide-contents\"><\/div><\/div><\/div>\t\t\t\t<\/div>\n\t\t\t\t\t\t\t\t\t\t\t\t\t\t\t\t\t\t\t\t\t<\/div>\n\t\t\t\t<\/div>\n\t\t\t\t\t\t\t\t<\/div>\n\t\t\t\t<\/div>\n\t\t\t\t<\/div>\n\t\t<div class=\"elementor-element elementor-element-dbd2f17 e-con-full e-flex e-con e-parent\" data-id=\"dbd2f17\" data-element_type=\"container\">\n\t\t<div class=\"elementor-element elementor-element-e9d2cf6 e-con-full e-flex e-con e-child\" data-id=\"e9d2cf6\" data-element_type=\"container\">\n\t\t<div class=\"elementor-element elementor-element-e9cecdb e-con-full e-flex e-con e-child\" data-id=\"e9cecdb\" data-element_type=\"container\">\n\t\t\t\t<div class=\"elementor-element elementor-element-26c6624 elementor-invisible elementor-widget elementor-widget-heading\" data-id=\"26c6624\" data-element_type=\"widget\" data-settings=\"{&quot;_animation&quot;:&quot;fadeInDown&quot;}\" data-widget_type=\"heading.default\">\n\t\t\t\t<div class=\"elementor-widget-container\">\n\t\t\t\t\t<h2 class=\"elementor-heading-title elementor-size-default\">CONSTRUCTION<\/h2>\t\t\t\t<\/div>\n\t\t\t\t<\/div>\n\t\t\t\t<\/div>\n\t\t<div class=\"elementor-element elementor-element-35f313f e-con-full e-flex e-con e-child\" data-id=\"35f313f\" data-element_type=\"container\">\n\t\t\t\t<div class=\"elementor-element elementor-element-9dacf2f elementor-invisible elementor-widget elementor-widget-image\" data-id=\"9dacf2f\" data-element_type=\"widget\" data-settings=\"{&quot;_animation&quot;:&quot;fadeInDown&quot;}\" data-widget_type=\"image.default\">\n\t\t\t\t<div class=\"elementor-widget-container\">\n\t\t\t\t\t\t\t\t\t\t\t\t\t\t\t<img fetchpriority=\"high\" decoding=\"async\" width=\"944\" height=\"307\" src=\"https:\/\/etmb.fr\/wp-content\/uploads\/2024\/11\/4-e1732129255766.png\" class=\"attachment-full size-full wp-image-430\" alt=\"\" srcset=\"https:\/\/etmb.fr\/wp-content\/uploads\/2024\/11\/4-e1732129255766.png 944w, https:\/\/etmb.fr\/wp-content\/uploads\/2024\/11\/4-e1732129255766-300x98.png 300w, https:\/\/etmb.fr\/wp-content\/uploads\/2024\/11\/4-e1732129255766-768x250.png 768w, https:\/\/etmb.fr\/wp-content\/uploads\/2024\/11\/4-e1732129255766-18x6.png 18w\" sizes=\"(max-width: 944px) 100vw, 944px\" \/>\t\t\t\t\t\t\t\t\t\t\t\t\t\t\t<\/div>\n\t\t\t\t<\/div>\n\t\t\t\t<\/div>\n\t\t\t\t<\/div>\n\t\t<div class=\"elementor-element elementor-element-2ac98a8 e-con-full e-flex e-con e-child\" data-id=\"2ac98a8\" data-element_type=\"container\">\n\t\t<div class=\"elementor-element elementor-element-60d1e82 e-con-full e-flex e-con e-child\" data-id=\"60d1e82\" data-element_type=\"container\">\n\t\t\t\t<div class=\"elementor-element elementor-element-f175e17 elementor-widget elementor-widget-text-editor\" data-id=\"f175e17\" data-element_type=\"widget\" data-widget_type=\"text-editor.default\">\n\t\t\t\t<div class=\"elementor-widget-container\">\n\t\t\t\t\t\t\t\t\t<p>Our reputation is built on our expertise in construction and renovation works. We provide construction solutions that combine innovation, sustainability, and superior quality.<\/p><p>Whether it is for commercial, industrial, healthcare, educational, sports, or cultural projects, we master every step of the process, from design to execution.<\/p><p>Our commitment to excellence paralleled with our rigorous teams adhering to the strictest safety standards and using top-quality materials are key in transforming each project into a remarkable success story.<\/p>\t\t\t\t\t\t\t\t<\/div>\n\t\t\t\t<\/div>\n\t\t\t\t<div class=\"elementor-element elementor-element-41fac60 elementor-align-center elementor-widget elementor-widget-button\" data-id=\"41fac60\" data-element_type=\"widget\" data-widget_type=\"button.default\">\n\t\t\t\t<div class=\"elementor-widget-container\">\n\t\t\t\t\t\t\t\t\t<div class=\"elementor-button-wrapper\">\n\t\t\t\t\t<a class=\"elementor-button elementor-button-link elementor-size-sm\" href=\"https:\/\/etmb.fr\/en\/construction\/\">\n\t\t\t\t\t\t<span class=\"elementor-button-content-wrapper\">\n\t\t\t\t\t\t\t\t\t<span class=\"elementor-button-text\">View Our Projects<\/span>\n\t\t\t\t\t<\/span>\n\t\t\t\t\t<\/a>\n\t\t\t\t<\/div>\n\t\t\t\t\t\t\t\t<\/div>\n\t\t\t\t<\/div>\n\t\t\t\t<\/div>\n\t\t<div class=\"elementor-element elementor-element-072f052 e-con-full elementor-hidden-tablet elementor-hidden-mobile e-flex e-con e-child\" data-id=\"072f052\" data-element_type=\"container\" data-settings=\"{&quot;background_background&quot;:&quot;slideshow&quot;,&quot;background_slideshow_gallery&quot;:[{&quot;id&quot;:2860,&quot;url&quot;:&quot;https:\\\/\\\/etmb.fr\\\/wp-content\\\/uploads\\\/user_uploads\\\/user_1\\\/E-LECLERC_0686_CC_Cover-1.jpg&quot;},{&quot;id&quot;:3024,&quot;url&quot;:&quot;https:\\\/\\\/etmb.fr\\\/wp-content\\\/uploads\\\/2024\\\/12\\\/Marie-Curie_0341_CC.jpg&quot;},{&quot;id&quot;:1694,&quot;url&quot;:&quot;https:\\\/\\\/etmb.fr\\\/wp-content\\\/uploads\\\/user_uploads\\\/user_1\\\/Pierre-et-Marie-Curie_0425_CC_Cover.jpg&quot;}],&quot;background_slideshow_loop&quot;:&quot;yes&quot;,&quot;background_slideshow_slide_duration&quot;:5000,&quot;background_slideshow_slide_transition&quot;:&quot;fade&quot;,&quot;background_slideshow_transition_duration&quot;:500}\">\n\t\t\t\t<\/div>\n\t\t\t\t<\/div>\n\t\t\t\t<\/div>\n\t\t<div class=\"elementor-element elementor-element-17c7d68 e-con-full e-flex e-con e-parent\" data-id=\"17c7d68\" data-element_type=\"container\">\n\t\t\t\t<div class=\"elementor-element elementor-element-34e7329 elementor-invisible elementor-widget elementor-widget-heading\" data-id=\"34e7329\" data-element_type=\"widget\" data-settings=\"{&quot;_animation&quot;:&quot;fadeInDown&quot;}\" data-widget_type=\"heading.default\">\n\t\t\t\t<div class=\"elementor-widget-container\">\n\t\t\t\t\t<h2 class=\"elementor-heading-title elementor-size-default\">Customized premuin quality<\/h2>\t\t\t\t<\/div>\n\t\t\t\t<\/div>\n\t\t<div class=\"elementor-element elementor-element-f3c5275 e-con-full e-flex e-con e-child\" data-id=\"f3c5275\" data-element_type=\"container\" data-settings=\"{&quot;background_background&quot;:&quot;classic&quot;}\">\n\t\t\t\t<\/div>\n\t\t\t\t<\/div>\n\t\t\t\t<\/div>","protected":false},"excerpt":{"rendered":"<p>CONSTRUCTION Nous nous distinguons par notre expertise en termes de construction et en travaux de r\u00e9novation. Nous sommes d\u00e9vou\u00e9s \u00e0 fournir des solutions de construction qui allient innovation, durabilit\u00e9 et qualit\u00e9 sup\u00e9rieure. Que \u00e7a soit pour des projets commerciaux, industriels, le milieu hospitalier, scolaire, sportif et culturel, nous ma\u00eetrisons chaque \u00e9tape du processus, de la [&hellip;]<\/p>","protected":false},"author":1,"featured_media":0,"parent":0,"menu_order":0,"comment_status":"closed","ping_status":"closed","template":"","meta":{"footnotes":""},"class_list":["post-67","page","type-page","status-publish","hentry"],"yoast_head":"<!-- This site is optimized with the Yoast SEO plugin v24.4 - https:\/\/yoast.com\/wordpress\/plugins\/seo\/ -->\n<title>PUZZLE - ETMB Groupe<\/title>\n<meta name=\"robots\" content=\"index, follow, max-snippet:-1, max-image-preview:large, max-video-preview:-1\" \/>\n<link rel=\"canonical\" href=\"https:\/\/etmb.fr\/en\/puzzle\/\" \/>\n<meta property=\"og:locale\" content=\"en_US\" \/>\n<meta property=\"og:type\" content=\"article\" \/>\n<meta property=\"og:title\" content=\"PUZZLE - ETMB Groupe\" \/>\n<meta property=\"og:description\" content=\"CONSTRUCTION Nous nous distinguons par notre expertise en termes de construction et en travaux de r\u00e9novation. Nous sommes d\u00e9vou\u00e9s \u00e0 fournir des solutions de construction qui allient innovation, durabilit\u00e9 et qualit\u00e9 sup\u00e9rieure. Que \u00e7a soit pour des projets commerciaux, industriels, le milieu hospitalier, scolaire, sportif et culturel, nous ma\u00eetrisons chaque \u00e9tape du processus, de la [&hellip;]\" \/>\n<meta property=\"og:url\" content=\"https:\/\/etmb.fr\/en\/puzzle\/\" \/>\n<meta property=\"og:site_name\" content=\"ETMB Groupe\" \/>\n<meta property=\"article:modified_time\" content=\"2024-12-07T21:43:59+00:00\" \/>\n<meta property=\"og:image\" content=\"https:\/\/etmb.fr\/wp-content\/uploads\/2024\/11\/4-e1732129255766.png\" \/>\n\t<meta property=\"og:image:width\" content=\"944\" \/>\n\t<meta property=\"og:image:height\" content=\"307\" \/>\n\t<meta property=\"og:image:type\" content=\"image\/png\" \/>\n<meta name=\"twitter:card\" content=\"summary_large_image\" \/>\n<meta name=\"twitter:label1\" content=\"Est. reading time\" \/>\n\t<meta name=\"twitter:data1\" content=\"1 minute\" \/>\n<script type=\"application\/ld+json\" class=\"yoast-schema-graph\">{\"@context\":\"https:\/\/schema.org\",\"@graph\":[{\"@type\":\"WebPage\",\"@id\":\"https:\/\/etmb.fr\/puzzle\/\",\"url\":\"https:\/\/etmb.fr\/puzzle\/\",\"name\":\"PUZZLE - ETMB Groupe\",\"isPartOf\":{\"@id\":\"https:\/\/etmb.fr\/#website\"},\"primaryImageOfPage\":{\"@id\":\"https:\/\/etmb.fr\/puzzle\/#primaryimage\"},\"image\":{\"@id\":\"https:\/\/etmb.fr\/puzzle\/#primaryimage\"},\"thumbnailUrl\":\"https:\/\/etmb.fr\/wp-content\/uploads\/2024\/11\/4-e1732129255766.png\",\"datePublished\":\"2024-11-18T19:39:05+00:00\",\"dateModified\":\"2024-12-07T21:43:59+00:00\",\"breadcrumb\":{\"@id\":\"https:\/\/etmb.fr\/puzzle\/#breadcrumb\"},\"inLanguage\":\"en-US\",\"potentialAction\":[{\"@type\":\"ReadAction\",\"target\":[\"https:\/\/etmb.fr\/puzzle\/\"]}]},{\"@type\":\"ImageObject\",\"inLanguage\":\"en-US\",\"@id\":\"https:\/\/etmb.fr\/puzzle\/#primaryimage\",\"url\":\"https:\/\/etmb.fr\/wp-content\/uploads\/2024\/11\/4-e1732129255766.png\",\"contentUrl\":\"https:\/\/etmb.fr\/wp-content\/uploads\/2024\/11\/4-e1732129255766.png\"},{\"@type\":\"BreadcrumbList\",\"@id\":\"https:\/\/etmb.fr\/puzzle\/#breadcrumb\",\"itemListElement\":[{\"@type\":\"ListItem\",\"position\":1,\"name\":\"Home\",\"item\":\"https:\/\/etmb.fr\/\"},{\"@type\":\"ListItem\",\"position\":2,\"name\":\"PUZZLE\"}]},{\"@type\":\"WebSite\",\"@id\":\"https:\/\/etmb.fr\/#website\",\"url\":\"https:\/\/etmb.fr\/\",\"name\":\"ETMB Groupe\",\"description\":\"ETMB Groupe\",\"publisher\":{\"@id\":\"https:\/\/etmb.fr\/#organization\"},\"potentialAction\":[{\"@type\":\"SearchAction\",\"target\":{\"@type\":\"EntryPoint\",\"urlTemplate\":\"https:\/\/etmb.fr\/?s={search_term_string}\"},\"query-input\":{\"@type\":\"PropertyValueSpecification\",\"valueRequired\":true,\"valueName\":\"search_term_string\"}}],\"inLanguage\":\"en-US\"},{\"@type\":\"Organization\",\"@id\":\"https:\/\/etmb.fr\/#organization\",\"name\":\"ETMB Groupe\",\"url\":\"https:\/\/etmb.fr\/\",\"logo\":{\"@type\":\"ImageObject\",\"inLanguage\":\"en-US\",\"@id\":\"https:\/\/etmb.fr\/#\/schema\/logo\/image\/\",\"url\":\"https:\/\/etmb.fr\/wp-content\/uploads\/2024\/11\/w-ETMB-Groupe_FR_Logo-e1732133516525.png\",\"contentUrl\":\"https:\/\/etmb.fr\/wp-content\/uploads\/2024\/11\/w-ETMB-Groupe_FR_Logo-e1732133516525.png\",\"width\":1964,\"height\":936,\"caption\":\"ETMB Groupe\"},\"image\":{\"@id\":\"https:\/\/etmb.fr\/#\/schema\/logo\/image\/\"}}]}<\/script>\n<!-- \/ Yoast SEO plugin. -->","yoast_head_json":{"title":"PUZZLE - ETMB Groupe","robots":{"index":"index","follow":"follow","max-snippet":"max-snippet:-1","max-image-preview":"max-image-preview:large","max-video-preview":"max-video-preview:-1"},"canonical":"https:\/\/etmb.fr\/en\/puzzle\/","og_locale":"en_US","og_type":"article","og_title":"PUZZLE - ETMB Groupe","og_description":"CONSTRUCTION Nous nous distinguons par notre expertise en termes de construction et en travaux de r\u00e9novation. Nous sommes d\u00e9vou\u00e9s \u00e0 fournir des solutions de construction qui allient innovation, durabilit\u00e9 et qualit\u00e9 sup\u00e9rieure. Que \u00e7a soit pour des projets commerciaux, industriels, le milieu hospitalier, scolaire, sportif et culturel, nous ma\u00eetrisons chaque \u00e9tape du processus, de la [&hellip;]","og_url":"https:\/\/etmb.fr\/en\/puzzle\/","og_site_name":"ETMB Groupe","article_modified_time":"2024-12-07T21:43:59+00:00","og_image":[{"width":944,"height":307,"url":"https:\/\/etmb.fr\/wp-content\/uploads\/2024\/11\/4-e1732129255766.png","type":"image\/png"}],"twitter_card":"summary_large_image","twitter_misc":{"Est. reading time":"1 minute"},"schema":{"@context":"https:\/\/schema.org","@graph":[{"@type":"WebPage","@id":"https:\/\/etmb.fr\/puzzle\/","url":"https:\/\/etmb.fr\/puzzle\/","name":"PUZZLE - ETMB Groupe","isPartOf":{"@id":"https:\/\/etmb.fr\/#website"},"primaryImageOfPage":{"@id":"https:\/\/etmb.fr\/puzzle\/#primaryimage"},"image":{"@id":"https:\/\/etmb.fr\/puzzle\/#primaryimage"},"thumbnailUrl":"https:\/\/etmb.fr\/wp-content\/uploads\/2024\/11\/4-e1732129255766.png","datePublished":"2024-11-18T19:39:05+00:00","dateModified":"2024-12-07T21:43:59+00:00","breadcrumb":{"@id":"https:\/\/etmb.fr\/puzzle\/#breadcrumb"},"inLanguage":"en-US","potentialAction":[{"@type":"ReadAction","target":["https:\/\/etmb.fr\/puzzle\/"]}]},{"@type":"ImageObject","inLanguage":"en-US","@id":"https:\/\/etmb.fr\/puzzle\/#primaryimage","url":"https:\/\/etmb.fr\/wp-content\/uploads\/2024\/11\/4-e1732129255766.png","contentUrl":"https:\/\/etmb.fr\/wp-content\/uploads\/2024\/11\/4-e1732129255766.png"},{"@type":"BreadcrumbList","@id":"https:\/\/etmb.fr\/puzzle\/#breadcrumb","itemListElement":[{"@type":"ListItem","position":1,"name":"Home","item":"https:\/\/etmb.fr\/"},{"@type":"ListItem","position":2,"name":"PUZZLE"}]},{"@type":"WebSite","@id":"https:\/\/etmb.fr\/#website","url":"https:\/\/etmb.fr\/","name":"ETMB Groupe","description":"ETMB Groupe","publisher":{"@id":"https:\/\/etmb.fr\/#organization"},"potentialAction":[{"@type":"SearchAction","target":{"@type":"EntryPoint","urlTemplate":"https:\/\/etmb.fr\/?s={search_term_string}"},"query-input":{"@type":"PropertyValueSpecification","valueRequired":true,"valueName":"search_term_string"}}],"inLanguage":"en-US"},{"@type":"Organization","@id":"https:\/\/etmb.fr\/#organization","name":"ETMB Groupe","url":"https:\/\/etmb.fr\/","logo":{"@type":"ImageObject","inLanguage":"en-US","@id":"https:\/\/etmb.fr\/#\/schema\/logo\/image\/","url":"https:\/\/etmb.fr\/wp-content\/uploads\/2024\/11\/w-ETMB-Groupe_FR_Logo-e1732133516525.png","contentUrl":"https:\/\/etmb.fr\/wp-content\/uploads\/2024\/11\/w-ETMB-Groupe_FR_Logo-e1732133516525.png","width":1964,"height":936,"caption":"ETMB Groupe"},"image":{"@id":"https:\/\/etmb.fr\/#\/schema\/logo\/image\/"}}]}},"_links":{"self":[{"href":"https:\/\/etmb.fr\/en\/wp-json\/wp\/v2\/pages\/67","targetHints":{"allow":["GET"]}}],"collection":[{"href":"https:\/\/etmb.fr\/en\/wp-json\/wp\/v2\/pages"}],"about":[{"href":"https:\/\/etmb.fr\/en\/wp-json\/wp\/v2\/types\/page"}],"author":[{"embeddable":true,"href":"https:\/\/etmb.fr\/en\/wp-json\/wp\/v2\/users\/1"}],"replies":[{"embeddable":true,"href":"https:\/\/etmb.fr\/en\/wp-json\/wp\/v2\/comments?post=67"}],"version-history":[{"count":52,"href":"https:\/\/etmb.fr\/en\/wp-json\/wp\/v2\/pages\/67\/revisions"}],"predecessor-version":[{"id":3736,"href":"https:\/\/etmb.fr\/en\/wp-json\/wp\/v2\/pages\/67\/revisions\/3736"}],"wp:attachment":[{"href":"https:\/\/etmb.fr\/en\/wp-json\/wp\/v2\/media?parent=67"}],"curies":[{"name":"wp","href":"https:\/\/api.w.org\/{rel}","templated":true}]}}