{"id":69,"date":"2024-11-18T19:39:17","date_gmt":"2024-11-18T19:39:17","guid":{"rendered":"https:\/\/etmb.fr\/website\/?page_id=69"},"modified":"2025-01-30T09:54:21","modified_gmt":"2025-01-30T08:54:21","slug":"ladm","status":"publish","type":"page","link":"https:\/\/etmb.fr\/en\/ladm\/","title":{"rendered":"LADM"},"content":{"rendered":"<div data-elementor-type=\"wp-page\" data-elementor-id=\"69\" class=\"elementor elementor-69\" data-elementor-post-type=\"page\">\n\t\t\t\t<div class=\"elementor-element elementor-element-c0c9deb e-con-full slider-container e-flex e-con e-parent\" data-id=\"c0c9deb\" data-element_type=\"container\">\n\t\t\t\t<div class=\"elementor-element elementor-element-ffa18af elementor--h-position-left elementor--v-position-middle elementor-widget elementor-widget-slides\" data-id=\"ffa18af\" data-element_type=\"widget\" data-settings=\"{&quot;autoplay_speed&quot;:6000,&quot;transition&quot;:&quot;fade&quot;,&quot;navigation&quot;:&quot;none&quot;,&quot;autoplay&quot;:&quot;yes&quot;,&quot;infinite&quot;:&quot;yes&quot;,&quot;transition_speed&quot;:500}\" data-widget_type=\"slides.default\">\n\t\t\t\t<div class=\"elementor-widget-container\">\n\t\t\t\t\t\t\t\t\t<div class=\"elementor-swiper\">\n\t\t\t\t\t<div class=\"elementor-slides-wrapper elementor-main-swiper swiper\" role=\"region\" aria-roledescription=\"carousel\" aria-label=\"Slides\" dir=\"ltr\" data-animation=\"fadeInDown\">\n\t\t\t\t<div class=\"swiper-wrapper elementor-slides\">\n\t\t\t\t\t\t\t\t\t\t<div class=\"elementor-repeater-item-1134aac swiper-slide\" role=\"group\" aria-roledescription=\"slide\"><div class=\"swiper-slide-bg\" role=\"img\"><\/div><div class=\"elementor-background-overlay\"><\/div><div class=\"swiper-slide-inner\" ><div class=\"swiper-slide-contents\"><\/div><\/div><\/div><div class=\"elementor-repeater-item-0aada27 swiper-slide\" role=\"group\" aria-roledescription=\"slide\"><div class=\"swiper-slide-bg\" role=\"img\"><\/div><div class=\"elementor-background-overlay\"><\/div><div class=\"swiper-slide-inner\" ><div class=\"swiper-slide-contents\"><\/div><\/div><\/div>\t\t\t\t<\/div>\n\t\t\t\t\t\t\t\t\t\t\t\t\t\t\t\t\t\t\t\t\t<\/div>\n\t\t\t\t<\/div>\n\t\t\t\t\t\t\t\t<\/div>\n\t\t\t\t<\/div>\n\t\t\t\t<\/div>\n\t\t<div class=\"elementor-element elementor-element-6907a3f e-con-full e-flex e-con e-parent\" data-id=\"6907a3f\" data-element_type=\"container\">\n\t\t<div class=\"elementor-element elementor-element-a7f6574 e-con-full e-flex e-con e-child\" data-id=\"a7f6574\" data-element_type=\"container\">\n\t\t<div class=\"elementor-element elementor-element-0d7b378 e-con-full e-flex e-con e-child\" data-id=\"0d7b378\" data-element_type=\"container\">\n\t\t\t\t<div class=\"elementor-element elementor-element-8380e25 elementor-invisible elementor-widget elementor-widget-heading\" data-id=\"8380e25\" data-element_type=\"widget\" data-settings=\"{&quot;_animation&quot;:&quot;fadeInDown&quot;}\" data-widget_type=\"heading.default\">\n\t\t\t\t<div class=\"elementor-widget-container\">\n\t\t\t\t\t<h2 class=\"elementor-heading-title elementor-size-default translation-block\">METALWORKING<\/h2>\t\t\t\t<\/div>\n\t\t\t\t<\/div>\n\t\t\t\t<\/div>\n\t\t<div class=\"elementor-element elementor-element-3422df7 e-con-full e-flex e-con e-child\" data-id=\"3422df7\" data-element_type=\"container\">\n\t\t\t\t<div class=\"elementor-element elementor-element-c606112 elementor-invisible elementor-widget elementor-widget-image\" data-id=\"c606112\" data-element_type=\"widget\" data-settings=\"{&quot;_animation&quot;:&quot;fadeInDown&quot;}\" data-widget_type=\"image.default\">\n\t\t\t\t<div class=\"elementor-widget-container\">\n\t\t\t\t\t\t\t\t\t\t\t\t\t\t\t<img fetchpriority=\"high\" decoding=\"async\" width=\"918\" height=\"250\" src=\"https:\/\/etmb.fr\/wp-content\/uploads\/2024\/11\/3-e1732130240274.png\" class=\"attachment-full size-full wp-image-443\" alt=\"\" srcset=\"https:\/\/etmb.fr\/wp-content\/uploads\/2024\/11\/3-e1732130240274.png 918w, https:\/\/etmb.fr\/wp-content\/uploads\/2024\/11\/3-e1732130240274-300x82.png 300w, https:\/\/etmb.fr\/wp-content\/uploads\/2024\/11\/3-e1732130240274-768x209.png 768w, https:\/\/etmb.fr\/wp-content\/uploads\/2024\/11\/3-e1732130240274-18x5.png 18w\" sizes=\"(max-width: 918px) 100vw, 918px\" \/>\t\t\t\t\t\t\t\t\t\t\t\t\t\t\t<\/div>\n\t\t\t\t<\/div>\n\t\t\t\t<\/div>\n\t\t\t\t<\/div>\n\t\t<div class=\"elementor-element elementor-element-f073553 e-con-full e-flex e-con e-child\" data-id=\"f073553\" data-element_type=\"container\">\n\t\t<div class=\"elementor-element elementor-element-3cf26f2 e-con-full e-flex e-con e-child\" data-id=\"3cf26f2\" data-element_type=\"container\">\n\t\t\t\t<div class=\"elementor-element elementor-element-fdbc946 elementor-widget elementor-widget-text-editor\" data-id=\"fdbc946\" data-element_type=\"widget\" data-widget_type=\"text-editor.default\">\n\t\t\t\t<div class=\"elementor-widget-container\">\n\t\t\t\t\t\t\t\t\t<p>Our metalworking division excels in the design, manufacturing, and installation of custom metal solutions.<\/p><p>With advanced technical expertise, we undertake a wide range of projects, from metal structures to high precision metalworking.<\/p><p>Using durable materials and adhering rigorously to safety standards, we offer reliable and innovative solutions tailored to each client's specific needs, ensuring meticulous finishes.<\/p>\t\t\t\t\t\t\t\t<\/div>\n\t\t\t\t<\/div>\n\t\t\t\t<div class=\"elementor-element elementor-element-a2da8e3 elementor-align-center elementor-widget elementor-widget-button\" data-id=\"a2da8e3\" data-element_type=\"widget\" data-widget_type=\"button.default\">\n\t\t\t\t<div class=\"elementor-widget-container\">\n\t\t\t\t\t\t\t\t\t<div class=\"elementor-button-wrapper\">\n\t\t\t\t\t<a class=\"elementor-button elementor-button-link elementor-size-sm\" href=\"https:\/\/etmb.fr\/en\/serrurerie-et-metallerie\/\">\n\t\t\t\t\t\t<span class=\"elementor-button-content-wrapper\">\n\t\t\t\t\t\t\t\t\t<span class=\"elementor-button-text\">View Our Projects<\/span>\n\t\t\t\t\t<\/span>\n\t\t\t\t\t<\/a>\n\t\t\t\t<\/div>\n\t\t\t\t\t\t\t\t<\/div>\n\t\t\t\t<\/div>\n\t\t\t\t<\/div>\n\t\t<div class=\"elementor-element elementor-element-fe2c827 e-con-full elementor-hidden-tablet elementor-hidden-mobile e-flex e-con e-child\" data-id=\"fe2c827\" data-element_type=\"container\" data-settings=\"{&quot;background_background&quot;:&quot;slideshow&quot;,&quot;background_slideshow_gallery&quot;:[{&quot;id&quot;:1526,&quot;url&quot;:&quot;https:\\\/\\\/etmb.fr\\\/wp-content\\\/uploads\\\/user_uploads\\\/user_1\\\/20230105_102805_garded-scaled-e1732918017154.jpg&quot;},{&quot;id&quot;:1325,&quot;url&quot;:&quot;https:\\\/\\\/etmb.fr\\\/wp-content\\\/uploads\\\/2024\\\/11\\\/Parc-de-Puteaux_1113_CC_1.jpg&quot;}],&quot;background_slideshow_loop&quot;:&quot;yes&quot;,&quot;background_slideshow_slide_duration&quot;:5000,&quot;background_slideshow_slide_transition&quot;:&quot;fade&quot;,&quot;background_slideshow_transition_duration&quot;:500}\">\n\t\t\t\t<\/div>\n\t\t\t\t<\/div>\n\t\t\t\t<\/div>\n\t\t<div class=\"elementor-element elementor-element-227370d e-con-full e-flex e-con e-parent\" data-id=\"227370d\" data-element_type=\"container\">\n\t\t\t\t<div class=\"elementor-element elementor-element-45486f6 elementor-invisible elementor-widget elementor-widget-heading\" data-id=\"45486f6\" data-element_type=\"widget\" data-settings=\"{&quot;_animation&quot;:&quot;fadeInDown&quot;}\" data-widget_type=\"heading.default\">\n\t\t\t\t<div class=\"elementor-widget-container\">\n\t\t\t\t\t<h2 class=\"elementor-heading-title elementor-size-default\">Customized premuin quality<\/h2>\t\t\t\t<\/div>\n\t\t\t\t<\/div>\n\t\t<div class=\"elementor-element elementor-element-db31ac2 e-con-full e-flex e-con e-child\" data-id=\"db31ac2\" data-element_type=\"container\" data-settings=\"{&quot;background_background&quot;:&quot;classic&quot;}\">\n\t\t\t\t<\/div>\n\t\t\t\t<\/div>\n\t\t\t\t<\/div>","protected":false},"excerpt":{"rendered":"<p>SERRURERIE ET M\u00c9TALLERIE Au sein de notre entreprise, notre filiale LADM, sp\u00e9cialis\u00e9e en serrurerie et m\u00e9tallerie, excelle dans la conception, la fabrication et l&rsquo;installation de solutions m\u00e9talliques sur mesure. Forte d&rsquo;un savoir-faire technique pointu, elle intervient sur une large gamme de projets, allant des structures m\u00e9talliques aux ouvrages de serrurerie de haute pr\u00e9cision. Gr\u00e2ce \u00e0 [&hellip;]<\/p>","protected":false},"author":1,"featured_media":0,"parent":0,"menu_order":0,"comment_status":"closed","ping_status":"closed","template":"","meta":{"footnotes":""},"class_list":["post-69","page","type-page","status-publish","hentry"],"yoast_head":"<!-- This site is optimized with the Yoast SEO plugin v24.4 - https:\/\/yoast.com\/wordpress\/plugins\/seo\/ -->\n<title>LADM - ETMB Groupe<\/title>\n<meta name=\"robots\" content=\"index, follow, max-snippet:-1, max-image-preview:large, max-video-preview:-1\" \/>\n<link rel=\"canonical\" href=\"https:\/\/etmb.fr\/en\/ladm\/\" \/>\n<meta property=\"og:locale\" content=\"en_US\" \/>\n<meta property=\"og:type\" content=\"article\" \/>\n<meta property=\"og:title\" content=\"LADM - ETMB Groupe\" \/>\n<meta property=\"og:description\" content=\"SERRURERIE ET M\u00c9TALLERIE Au sein de notre entreprise, notre filiale LADM, sp\u00e9cialis\u00e9e en serrurerie et m\u00e9tallerie, excelle dans la conception, la fabrication et l&rsquo;installation de solutions m\u00e9talliques sur mesure. Forte d&rsquo;un savoir-faire technique pointu, elle intervient sur une large gamme de projets, allant des structures m\u00e9talliques aux ouvrages de serrurerie de haute pr\u00e9cision. Gr\u00e2ce \u00e0 [&hellip;]\" \/>\n<meta property=\"og:url\" content=\"https:\/\/etmb.fr\/en\/ladm\/\" \/>\n<meta property=\"og:site_name\" content=\"ETMB Groupe\" \/>\n<meta property=\"article:modified_time\" content=\"2025-01-30T08:54:21+00:00\" \/>\n<meta property=\"og:image\" content=\"https:\/\/etmb.fr\/wp-content\/uploads\/2024\/11\/3-e1732130240274.png\" \/>\n\t<meta property=\"og:image:width\" content=\"918\" \/>\n\t<meta property=\"og:image:height\" content=\"250\" \/>\n\t<meta property=\"og:image:type\" content=\"image\/png\" \/>\n<meta name=\"twitter:card\" content=\"summary_large_image\" \/>\n<meta name=\"twitter:label1\" content=\"Est. reading time\" \/>\n\t<meta name=\"twitter:data1\" content=\"1 minute\" \/>\n<script type=\"application\/ld+json\" class=\"yoast-schema-graph\">{\"@context\":\"https:\/\/schema.org\",\"@graph\":[{\"@type\":\"WebPage\",\"@id\":\"https:\/\/etmb.fr\/ladm\/\",\"url\":\"https:\/\/etmb.fr\/ladm\/\",\"name\":\"LADM - ETMB Groupe\",\"isPartOf\":{\"@id\":\"https:\/\/etmb.fr\/#website\"},\"primaryImageOfPage\":{\"@id\":\"https:\/\/etmb.fr\/ladm\/#primaryimage\"},\"image\":{\"@id\":\"https:\/\/etmb.fr\/ladm\/#primaryimage\"},\"thumbnailUrl\":\"https:\/\/etmb.fr\/wp-content\/uploads\/2024\/11\/3-e1732130240274.png\",\"datePublished\":\"2024-11-18T19:39:17+00:00\",\"dateModified\":\"2025-01-30T08:54:21+00:00\",\"breadcrumb\":{\"@id\":\"https:\/\/etmb.fr\/ladm\/#breadcrumb\"},\"inLanguage\":\"en-US\",\"potentialAction\":[{\"@type\":\"ReadAction\",\"target\":[\"https:\/\/etmb.fr\/ladm\/\"]}]},{\"@type\":\"ImageObject\",\"inLanguage\":\"en-US\",\"@id\":\"https:\/\/etmb.fr\/ladm\/#primaryimage\",\"url\":\"https:\/\/etmb.fr\/wp-content\/uploads\/2024\/11\/3-e1732130240274.png\",\"contentUrl\":\"https:\/\/etmb.fr\/wp-content\/uploads\/2024\/11\/3-e1732130240274.png\"},{\"@type\":\"BreadcrumbList\",\"@id\":\"https:\/\/etmb.fr\/ladm\/#breadcrumb\",\"itemListElement\":[{\"@type\":\"ListItem\",\"position\":1,\"name\":\"Home\",\"item\":\"https:\/\/etmb.fr\/\"},{\"@type\":\"ListItem\",\"position\":2,\"name\":\"LADM\"}]},{\"@type\":\"WebSite\",\"@id\":\"https:\/\/etmb.fr\/#website\",\"url\":\"https:\/\/etmb.fr\/\",\"name\":\"ETMB Groupe\",\"description\":\"ETMB Groupe\",\"publisher\":{\"@id\":\"https:\/\/etmb.fr\/#organization\"},\"potentialAction\":[{\"@type\":\"SearchAction\",\"target\":{\"@type\":\"EntryPoint\",\"urlTemplate\":\"https:\/\/etmb.fr\/?s={search_term_string}\"},\"query-input\":{\"@type\":\"PropertyValueSpecification\",\"valueRequired\":true,\"valueName\":\"search_term_string\"}}],\"inLanguage\":\"en-US\"},{\"@type\":\"Organization\",\"@id\":\"https:\/\/etmb.fr\/#organization\",\"name\":\"ETMB Groupe\",\"url\":\"https:\/\/etmb.fr\/\",\"logo\":{\"@type\":\"ImageObject\",\"inLanguage\":\"en-US\",\"@id\":\"https:\/\/etmb.fr\/#\/schema\/logo\/image\/\",\"url\":\"https:\/\/etmb.fr\/wp-content\/uploads\/2024\/11\/w-ETMB-Groupe_FR_Logo-e1732133516525.png\",\"contentUrl\":\"https:\/\/etmb.fr\/wp-content\/uploads\/2024\/11\/w-ETMB-Groupe_FR_Logo-e1732133516525.png\",\"width\":1964,\"height\":936,\"caption\":\"ETMB Groupe\"},\"image\":{\"@id\":\"https:\/\/etmb.fr\/#\/schema\/logo\/image\/\"}}]}<\/script>\n<!-- \/ Yoast SEO plugin. -->","yoast_head_json":{"title":"LADM - ETMB Groupe","robots":{"index":"index","follow":"follow","max-snippet":"max-snippet:-1","max-image-preview":"max-image-preview:large","max-video-preview":"max-video-preview:-1"},"canonical":"https:\/\/etmb.fr\/en\/ladm\/","og_locale":"en_US","og_type":"article","og_title":"LADM - ETMB Groupe","og_description":"SERRURERIE ET M\u00c9TALLERIE Au sein de notre entreprise, notre filiale LADM, sp\u00e9cialis\u00e9e en serrurerie et m\u00e9tallerie, excelle dans la conception, la fabrication et l&rsquo;installation de solutions m\u00e9talliques sur mesure. Forte d&rsquo;un savoir-faire technique pointu, elle intervient sur une large gamme de projets, allant des structures m\u00e9talliques aux ouvrages de serrurerie de haute pr\u00e9cision. Gr\u00e2ce \u00e0 [&hellip;]","og_url":"https:\/\/etmb.fr\/en\/ladm\/","og_site_name":"ETMB Groupe","article_modified_time":"2025-01-30T08:54:21+00:00","og_image":[{"width":918,"height":250,"url":"https:\/\/etmb.fr\/wp-content\/uploads\/2024\/11\/3-e1732130240274.png","type":"image\/png"}],"twitter_card":"summary_large_image","twitter_misc":{"Est. reading time":"1 minute"},"schema":{"@context":"https:\/\/schema.org","@graph":[{"@type":"WebPage","@id":"https:\/\/etmb.fr\/ladm\/","url":"https:\/\/etmb.fr\/ladm\/","name":"LADM - ETMB Groupe","isPartOf":{"@id":"https:\/\/etmb.fr\/#website"},"primaryImageOfPage":{"@id":"https:\/\/etmb.fr\/ladm\/#primaryimage"},"image":{"@id":"https:\/\/etmb.fr\/ladm\/#primaryimage"},"thumbnailUrl":"https:\/\/etmb.fr\/wp-content\/uploads\/2024\/11\/3-e1732130240274.png","datePublished":"2024-11-18T19:39:17+00:00","dateModified":"2025-01-30T08:54:21+00:00","breadcrumb":{"@id":"https:\/\/etmb.fr\/ladm\/#breadcrumb"},"inLanguage":"en-US","potentialAction":[{"@type":"ReadAction","target":["https:\/\/etmb.fr\/ladm\/"]}]},{"@type":"ImageObject","inLanguage":"en-US","@id":"https:\/\/etmb.fr\/ladm\/#primaryimage","url":"https:\/\/etmb.fr\/wp-content\/uploads\/2024\/11\/3-e1732130240274.png","contentUrl":"https:\/\/etmb.fr\/wp-content\/uploads\/2024\/11\/3-e1732130240274.png"},{"@type":"BreadcrumbList","@id":"https:\/\/etmb.fr\/ladm\/#breadcrumb","itemListElement":[{"@type":"ListItem","position":1,"name":"Home","item":"https:\/\/etmb.fr\/"},{"@type":"ListItem","position":2,"name":"LADM"}]},{"@type":"WebSite","@id":"https:\/\/etmb.fr\/#website","url":"https:\/\/etmb.fr\/","name":"ETMB Groupe","description":"ETMB Groupe","publisher":{"@id":"https:\/\/etmb.fr\/#organization"},"potentialAction":[{"@type":"SearchAction","target":{"@type":"EntryPoint","urlTemplate":"https:\/\/etmb.fr\/?s={search_term_string}"},"query-input":{"@type":"PropertyValueSpecification","valueRequired":true,"valueName":"search_term_string"}}],"inLanguage":"en-US"},{"@type":"Organization","@id":"https:\/\/etmb.fr\/#organization","name":"ETMB Groupe","url":"https:\/\/etmb.fr\/","logo":{"@type":"ImageObject","inLanguage":"en-US","@id":"https:\/\/etmb.fr\/#\/schema\/logo\/image\/","url":"https:\/\/etmb.fr\/wp-content\/uploads\/2024\/11\/w-ETMB-Groupe_FR_Logo-e1732133516525.png","contentUrl":"https:\/\/etmb.fr\/wp-content\/uploads\/2024\/11\/w-ETMB-Groupe_FR_Logo-e1732133516525.png","width":1964,"height":936,"caption":"ETMB Groupe"},"image":{"@id":"https:\/\/etmb.fr\/#\/schema\/logo\/image\/"}}]}},"_links":{"self":[{"href":"https:\/\/etmb.fr\/en\/wp-json\/wp\/v2\/pages\/69","targetHints":{"allow":["GET"]}}],"collection":[{"href":"https:\/\/etmb.fr\/en\/wp-json\/wp\/v2\/pages"}],"about":[{"href":"https:\/\/etmb.fr\/en\/wp-json\/wp\/v2\/types\/page"}],"author":[{"embeddable":true,"href":"https:\/\/etmb.fr\/en\/wp-json\/wp\/v2\/users\/1"}],"replies":[{"embeddable":true,"href":"https:\/\/etmb.fr\/en\/wp-json\/wp\/v2\/comments?post=69"}],"version-history":[{"count":70,"href":"https:\/\/etmb.fr\/en\/wp-json\/wp\/v2\/pages\/69\/revisions"}],"predecessor-version":[{"id":4392,"href":"https:\/\/etmb.fr\/en\/wp-json\/wp\/v2\/pages\/69\/revisions\/4392"}],"wp:attachment":[{"href":"https:\/\/etmb.fr\/en\/wp-json\/wp\/v2\/media?parent=69"}],"curies":[{"name":"wp","href":"https:\/\/api.w.org\/{rel}","templated":true}]}}