{"id":83,"date":"2024-11-18T19:41:34","date_gmt":"2024-11-18T19:41:34","guid":{"rendered":"https:\/\/etmb.fr\/website\/?page_id=83"},"modified":"2025-07-23T10:59:24","modified_gmt":"2025-07-23T09:59:24","slug":"contact","status":"publish","type":"page","link":"https:\/\/etmb.fr\/en\/contact\/","title":{"rendered":"CONTACT US"},"content":{"rendered":"<div data-elementor-type=\"wp-page\" data-elementor-id=\"83\" class=\"elementor elementor-83\" data-elementor-post-type=\"page\">\n\t\t\t\t<div class=\"elementor-element elementor-element-8969bc5 e-con-full slider-container e-flex e-con e-parent\" data-id=\"8969bc5\" data-element_type=\"container\">\n\t\t\t\t<div class=\"elementor-element elementor-element-65c41e4 elementor--h-position-left elementor--v-position-middle elementor-arrows-position-inside elementor-pagination-position-inside elementor-widget elementor-widget-slides\" data-id=\"65c41e4\" data-element_type=\"widget\" data-settings=\"{&quot;autoplay_speed&quot;:3000,&quot;transition&quot;:&quot;fade&quot;,&quot;navigation&quot;:&quot;both&quot;,&quot;autoplay&quot;:&quot;yes&quot;,&quot;pause_on_hover&quot;:&quot;yes&quot;,&quot;pause_on_interaction&quot;:&quot;yes&quot;,&quot;infinite&quot;:&quot;yes&quot;,&quot;transition_speed&quot;:500}\" data-widget_type=\"slides.default\">\n\t\t\t\t<div class=\"elementor-widget-container\">\n\t\t\t\t\t\t\t\t\t<div class=\"elementor-swiper\">\n\t\t\t\t\t<div class=\"elementor-slides-wrapper elementor-main-swiper swiper\" role=\"region\" aria-roledescription=\"carousel\" aria-label=\"Diapositives\" dir=\"ltr\" data-animation=\"fadeInDown\">\n\t\t\t\t<div class=\"swiper-wrapper elementor-slides\">\n\t\t\t\t\t\t\t\t\t\t<div class=\"elementor-repeater-item-361772a swiper-slide\" role=\"group\" aria-roledescription=\"slide\"><div class=\"swiper-slide-bg\" role=\"img\"><\/div><div class=\"elementor-background-overlay\"><\/div><div class=\"swiper-slide-inner\" ><div class=\"swiper-slide-contents\"><h1 class=\"elementor-slide-heading\">Contact us<\/h1><\/div><\/div><\/div>\t\t\t\t<\/div>\n\t\t\t\t\t\t\t<\/div>\n\t\t\t\t<\/div>\n\t\t\t\t\t\t\t\t<\/div>\n\t\t\t\t<\/div>\n\t\t\t\t<\/div>\n\t\t<div class=\"elementor-element elementor-element-8871f33 e-con-full e-flex e-con e-parent\" data-id=\"8871f33\" data-element_type=\"container\">\n\t\t\t\t<div class=\"elementor-element elementor-element-2052f57 animated-slow elementor-invisible elementor-widget elementor-widget-html\" data-id=\"2052f57\" data-element_type=\"widget\" data-settings=\"{&quot;_animation&quot;:&quot;fadeInDown&quot;}\" data-widget_type=\"html.default\">\n\t\t\t\t<div class=\"elementor-widget-container\">\n\t\t\t\t\t<!DOCTYPE html>\n<html lang=\"en\">\n<head>\n    <meta charset=\"UTF-8\">\n    <meta name=\"viewport\" content=\"width=device-width, initial-scale=1.0\">\n    <title>Image Hover with Inline Text<\/title>\n \n<\/head>\n<body>\n\n<div class=\"container56\">\n    <div class=\"image-container\">\n        <img decoding=\"async\" src=\"https:\/\/etmb.fr\/web\/wp-content\/uploads\/2024\/11\/Logo_Alone_Blue.png\" alt=\"Default Image\" class=\"default\">\n        <img decoding=\"async\" src=\"https:\/\/etmb.fr\/web\/wp-content\/uploads\/2024\/11\/Logo_Alone-2.png\" alt=\"Hover Image\" class=\"hover\">\n    <\/div>\n    <h2 style=\"color:#04407D\" class=\"imgtxt\">OUR CONTACT<\/h2>\n<\/div>\n\n<\/body>\n<\/html>\n\t\t\t\t<\/div>\n\t\t\t\t<\/div>\n\t\t<div class=\"elementor-element elementor-element-d091d2d e-con-full e-flex e-con e-child\" data-id=\"d091d2d\" data-element_type=\"container\">\n\t\t<div class=\"elementor-element elementor-element-18a7c00 e-con-full e-flex e-con e-child\" data-id=\"18a7c00\" data-element_type=\"container\" data-settings=\"{&quot;background_background&quot;:&quot;classic&quot;}\">\n\t\t\t\t<div class=\"elementor-element elementor-element-504d129 elementor-mobile-align-center elementor-align-left elementor-icon-list--layout-traditional elementor-list-item-link-full_width elementor-widget elementor-widget-icon-list\" data-id=\"504d129\" data-element_type=\"widget\" data-widget_type=\"icon-list.default\">\n\t\t\t\t<div class=\"elementor-widget-container\">\n\t\t\t\t\t\t\t<ul class=\"elementor-icon-list-items\">\n\t\t\t\t\t\t\t<li class=\"elementor-icon-list-item\">\n\t\t\t\t\t\t\t\t\t\t\t<a href=\"https:\/\/www.google.com\/maps?ll=48.952813,2.193637&#038;z=12&#038;t=m&#038;hl=en-US&#038;gl=US&#038;mapclient=embed&#038;cid=2383089198424382439\">\n\n\t\t\t\t\t\t\t\t\t\t\t\t<span class=\"elementor-icon-list-icon\">\n\t\t\t\t\t\t\t<svg aria-hidden=\"true\" class=\"e-font-icon-svg e-fas-map-marker-alt\" viewbox=\"0 0 384 512\" xmlns=\"http:\/\/www.w3.org\/2000\/svg\"><path d=\"M172.268 501.67C26.97 291.031 0 269.413 0 192 0 85.961 85.961 0 192 0s192 85.961 192 192c0 77.413-26.97 99.031-172.268 309.67-9.535 13.774-29.93 13.773-39.464 0zM192 272c44.183 0 80-35.817 80-80s-35.817-80-80-80-80 35.817-80 80 35.817 80 80 80z\"><\/path><\/svg>\t\t\t\t\t\t<\/span>\n\t\t\t\t\t\t\t\t\t\t<span class=\"elementor-icon-list-text\">ZAC des Bois Rochefort <br>8 All\u00e9e du 7\u00e8me Art<br> 95240 Cormeilles-en-Parisis<\/span>\n\t\t\t\t\t\t\t\t\t\t\t<\/a>\n\t\t\t\t\t\t\t\t\t<\/li>\n\t\t\t\t\t\t\t\t<li class=\"elementor-icon-list-item\">\n\t\t\t\t\t\t\t\t\t\t\t<a href=\"tel:0134123434\">\n\n\t\t\t\t\t\t\t\t\t\t\t\t<span class=\"elementor-icon-list-icon\">\n\t\t\t\t\t\t\t<svg aria-hidden=\"true\" class=\"e-font-icon-svg e-fas-phone-alt\" viewbox=\"0 0 512 512\" xmlns=\"http:\/\/www.w3.org\/2000\/svg\"><path d=\"M497.39 361.8l-112-48a24 24 0 0 0-28 6.9l-49.6 60.6A370.66 370.66 0 0 1 130.6 204.11l60.6-49.6a23.94 23.94 0 0 0 6.9-28l-48-112A24.16 24.16 0 0 0 122.6.61l-104 24A24 24 0 0 0 0 48c0 256.5 207.9 464 464 464a24 24 0 0 0 23.4-18.6l24-104a24.29 24.29 0 0 0-14.01-27.6z\"><\/path><\/svg>\t\t\t\t\t\t<\/span>\n\t\t\t\t\t\t\t\t\t\t<span class=\"elementor-icon-list-text\">01 34 12 34 34<\/span>\n\t\t\t\t\t\t\t\t\t\t\t<\/a>\n\t\t\t\t\t\t\t\t\t<\/li>\n\t\t\t\t\t\t\t\t<li class=\"elementor-icon-list-item\">\n\t\t\t\t\t\t\t\t\t\t\t<a href=\"https:\/\/api.whatsapp.com\/send\/?phone=33664059161&#038;text&#038;type=phone_number&#038;app_absent=0\" target=\"_blank\">\n\n\t\t\t\t\t\t\t\t\t\t\t\t<span class=\"elementor-icon-list-icon\">\n\t\t\t\t\t\t\t<svg aria-hidden=\"true\" class=\"e-font-icon-svg e-fab-whatsapp\" viewbox=\"0 0 448 512\" xmlns=\"http:\/\/www.w3.org\/2000\/svg\"><path d=\"M380.9 97.1C339 55.1 283.2 32 223.9 32c-122.4 0-222 99.6-222 222 0 39.1 10.2 77.3 29.6 111L0 480l117.7-30.9c32.4 17.7 68.9 27 106.1 27h.1c122.3 0 224.1-99.6 224.1-222 0-59.3-25.2-115-67.1-157zm-157 341.6c-33.2 0-65.7-8.9-94-25.7l-6.7-4-69.8 18.3L72 359.2l-4.4-7c-18.5-29.4-28.2-63.3-28.2-98.2 0-101.7 82.8-184.5 184.6-184.5 49.3 0 95.6 19.2 130.4 54.1 34.8 34.9 56.2 81.2 56.1 130.5 0 101.8-84.9 184.6-186.6 184.6zm101.2-138.2c-5.5-2.8-32.8-16.2-37.9-18-5.1-1.9-8.8-2.8-12.5 2.8-3.7 5.6-14.3 18-17.6 21.8-3.2 3.7-6.5 4.2-12 1.4-32.6-16.3-54-29.1-75.5-66-5.7-9.8 5.7-9.1 16.3-30.3 1.8-3.7.9-6.9-.5-9.7-1.4-2.8-12.5-30.1-17.1-41.2-4.5-10.8-9.1-9.3-12.5-9.5-3.2-.2-6.9-.2-10.6-.2-3.7 0-9.7 1.4-14.8 6.9-5.1 5.6-19.4 19-19.4 46.3 0 27.3 19.9 53.7 22.6 57.4 2.8 3.7 39.1 59.7 94.8 83.8 35.2 15.2 49 16.5 66.6 13.9 10.7-1.6 32.8-13.4 37.4-26.4 4.6-13 4.6-24.1 3.2-26.4-1.3-2.5-5-3.9-10.5-6.6z\"><\/path><\/svg>\t\t\t\t\t\t<\/span>\n\t\t\t\t\t\t\t\t\t\t<span class=\"elementor-icon-list-text\">06 64 05 91 61<\/span>\n\t\t\t\t\t\t\t\t\t\t\t<\/a>\n\t\t\t\t\t\t\t\t\t<\/li>\n\t\t\t\t\t\t\t\t<li class=\"elementor-icon-list-item\">\n\t\t\t\t\t\t\t\t\t\t\t<a href=\"mailto:contact@etmb.fr\">\n\n\t\t\t\t\t\t\t\t\t\t\t\t<span class=\"elementor-icon-list-icon\">\n\t\t\t\t\t\t\t<svg aria-hidden=\"true\" class=\"e-font-icon-svg e-far-envelope\" viewbox=\"0 0 512 512\" xmlns=\"http:\/\/www.w3.org\/2000\/svg\"><path d=\"M464 64H48C21.49 64 0 85.49 0 112v288c0 26.51 21.49 48 48 48h416c26.51 0 48-21.49 48-48V112c0-26.51-21.49-48-48-48zm0 48v40.805c-22.422 18.259-58.168 46.651-134.587 106.49-16.841 13.247-50.201 45.072-73.413 44.701-23.208.375-56.579-31.459-73.413-44.701C106.18 199.465 70.425 171.067 48 152.805V112h416zM48 400V214.398c22.914 18.251 55.409 43.862 104.938 82.646 21.857 17.205 60.134 55.186 103.062 54.955 42.717.231 80.509-37.199 103.053-54.947 49.528-38.783 82.032-64.401 104.947-82.653V400H48z\"><\/path><\/svg>\t\t\t\t\t\t<\/span>\n\t\t\t\t\t\t\t\t\t\t<span class=\"elementor-icon-list-text\">contact@etmb.fr<\/span>\n\t\t\t\t\t\t\t\t\t\t\t<\/a>\n\t\t\t\t\t\t\t\t\t<\/li>\n\t\t\t\t\t\t<\/ul>\n\t\t\t\t\t\t<\/div>\n\t\t\t\t<\/div>\n\t\t\t\t<\/div>\n\t\t<div class=\"elementor-element elementor-element-ed51179 e-con-full e-flex e-con e-child\" data-id=\"ed51179\" data-element_type=\"container\">\n\t\t\t\t<div class=\"elementor-element elementor-element-5f91913 elementor-widget elementor-widget-google_maps\" data-id=\"5f91913\" data-element_type=\"widget\" data-widget_type=\"google_maps.default\">\n\t\t\t\t<div class=\"elementor-widget-container\">\n\t\t\t\t\t\t\t<div class=\"elementor-custom-embed\">\n\t\t\t<iframe loading=\"lazy\"\n\t\t\t\t\tsrc=\"https:\/\/maps.google.com\/maps?q=8%20All%C3%A9e%20du%207%C3%A8me%20Art%2095240%20Cormeilles-en-Parisis%20E.T.M.B&#038;t=m&#038;z=12&#038;output=embed&#038;iwloc=near\"\n\t\t\t\t\ttitle=\"8 All\u00e9e du 7\u00e8me Art 95240 Cormeilles-en-Parisis E.T.M.B\"\n\t\t\t\t\taria-label=\"8 All\u00e9e du 7\u00e8me Art 95240 Cormeilles-en-Parisis E.T.M.B\"\n\t\t\t><\/iframe>\n\t\t<\/div>\n\t\t\t\t\t\t<\/div>\n\t\t\t\t<\/div>\n\t\t\t\t<\/div>\n\t\t\t\t<\/div>\n\t\t\t\t<\/div>\n\t\t<div class=\"elementor-element elementor-element-30b444d e-con-full e-flex e-con e-parent\" data-id=\"30b444d\" data-element_type=\"container\">\n\t\t\t\t<div class=\"elementor-element elementor-element-c97a1ec animated-slow elementor-invisible elementor-widget elementor-widget-html\" data-id=\"c97a1ec\" data-element_type=\"widget\" data-settings=\"{&quot;_animation&quot;:&quot;fadeInDown&quot;}\" data-widget_type=\"html.default\">\n\t\t\t\t<div class=\"elementor-widget-container\">\n\t\t\t\t\t<!DOCTYPE html>\n<html lang=\"en\">\n<head>\n    <meta charset=\"UTF-8\">\n    <meta name=\"viewport\" content=\"width=device-width, initial-scale=1.0\">\n    <title>Image Hover with Inline Text<\/title>\n \n<\/head>\n<body>\n\n<div class=\"container56\">\n    <div class=\"image-container\">\n        <img decoding=\"async\" src=\"https:\/\/etmb.fr\/web\/wp-content\/uploads\/2024\/11\/Logo_Alone_Blue.png\" alt=\"Default Image\" class=\"default\">\n        <img decoding=\"async\" src=\"https:\/\/etmb.fr\/web\/wp-content\/uploads\/2024\/11\/Logo_Alone-2.png\" alt=\"Hover Image\" class=\"hover\">\n    <\/div>\n    <h2 style=\"color:#04407D\" class=\"imgtxt\">RECRUITMENT<\/h2>\n<\/div>\n\n<\/body>\n<\/html>\n\t\t\t\t<\/div>\n\t\t\t\t<\/div>\n\t\t<div class=\"elementor-element elementor-element-985c541 e-grid e-con-full e-con e-child\" data-id=\"985c541\" data-element_type=\"container\">\n\t\t<div class=\"elementor-element elementor-element-472cb1e e-con-full e-flex e-con e-child\" data-id=\"472cb1e\" data-element_type=\"container\">\n\t\t\t\t<div class=\"elementor-element elementor-element-3651134 elementor-widget elementor-widget-heading\" data-id=\"3651134\" data-element_type=\"widget\" data-widget_type=\"heading.default\">\n\t\t\t\t<div class=\"elementor-widget-container\">\n\t\t\t\t\t<h3 class=\"elementor-heading-title elementor-size-default\">Our group is looking for new talents<\/h3>\t\t\t\t<\/div>\n\t\t\t\t<\/div>\n\t\t\t\t<div class=\"elementor-element elementor-element-9404a5b elementor-widget elementor-widget-heading\" data-id=\"9404a5b\" data-element_type=\"widget\" data-widget_type=\"heading.default\">\n\t\t\t\t<div class=\"elementor-widget-container\">\n\t\t\t\t\t<h6 class=\"elementor-heading-title elementor-size-default\">Kindly send your resume to the following email address: \n<strong><span style=\"font-weight: 600;color: #D0160A\"><a href=\"mailto:recrutement@etmb.fr\">recrutement@etmb.fr<\/a><\/span><\/strong><\/h6>\t\t\t\t<\/div>\n\t\t\t\t<\/div>\n\t\t<div class=\"elementor-element elementor-element-cafd5e6 e-con-full e-flex e-con e-child\" data-id=\"cafd5e6\" data-element_type=\"container\">\n\t\t\t\t<div class=\"elementor-element elementor-element-8b0b401 elementor-widget-divider--view-line elementor-widget elementor-widget-divider\" data-id=\"8b0b401\" data-element_type=\"widget\" data-widget_type=\"divider.default\">\n\t\t\t\t<div class=\"elementor-widget-container\">\n\t\t\t\t\t\t\t<div class=\"elementor-divider\">\n\t\t\t<span class=\"elementor-divider-separator\">\n\t\t\t\t\t\t<\/span>\n\t\t<\/div>\n\t\t\t\t\t\t<\/div>\n\t\t\t\t<\/div>\n\t\t\t\t<div class=\"elementor-element elementor-element-9f68a41 elementor-widget elementor-widget-heading\" data-id=\"9f68a41\" data-element_type=\"widget\" data-widget_type=\"heading.default\">\n\t\t\t\t<div class=\"elementor-widget-container\">\n\t\t\t\t\t<h6 class=\"elementor-heading-title elementor-size-default\">The candidate will submit the following consent:\u00a0<\/h6>\t\t\t\t<\/div>\n\t\t\t\t<\/div>\n\t\t\t\t<div class=\"elementor-element elementor-element-3a7c96d elementor-widget-divider--view-line elementor-widget elementor-widget-divider\" data-id=\"3a7c96d\" data-element_type=\"widget\" data-widget_type=\"divider.default\">\n\t\t\t\t<div class=\"elementor-widget-container\">\n\t\t\t\t\t\t\t<div class=\"elementor-divider\">\n\t\t\t<span class=\"elementor-divider-separator\">\n\t\t\t\t\t\t<\/span>\n\t\t<\/div>\n\t\t\t\t\t\t<\/div>\n\t\t\t\t<\/div>\n\t\t\t\t<\/div>\n\t\t\t\t<div class=\"elementor-element elementor-element-cde2d42 elementor-widget elementor-widget-text-editor\" data-id=\"cde2d42\" data-element_type=\"widget\" data-widget_type=\"text-editor.default\">\n\t\t\t\t<div class=\"elementor-widget-container\">\n\t\t\t\t\t\t\t\t\t<p>I fully agree that you collect the above data and by that authorize you to keep my resume in order to receive information about similar job offers that may interest me through your recruitment service. You retain the right to withdraw your consent at any time by writing to us at:\u00a0recrutement@etmb.fr<\/p>\t\t\t\t\t\t\t\t<\/div>\n\t\t\t\t<\/div>\n\t\t\t\t<\/div>\n\t\t<div class=\"elementor-element elementor-element-bb3fe15 e-con-full e-flex e-con e-child\" data-id=\"bb3fe15\" data-element_type=\"container\" data-settings=\"{&quot;background_background&quot;:&quot;slideshow&quot;,&quot;motion_fx_motion_fx_scrolling&quot;:&quot;yes&quot;,&quot;motion_fx_scale_effect&quot;:&quot;yes&quot;,&quot;motion_fx_scale_direction&quot;:&quot;in-out-in&quot;,&quot;motion_fx_scale_speed&quot;:{&quot;unit&quot;:&quot;px&quot;,&quot;size&quot;:-4,&quot;sizes&quot;:[]},&quot;motion_fx_scale_range&quot;:{&quot;unit&quot;:&quot;%&quot;,&quot;size&quot;:&quot;&quot;,&quot;sizes&quot;:{&quot;start&quot;:47,&quot;end&quot;:100}},&quot;motion_fx_devices&quot;:[&quot;mobile&quot;],&quot;background_slideshow_gallery&quot;:[],&quot;background_slideshow_loop&quot;:&quot;yes&quot;,&quot;background_slideshow_slide_duration&quot;:5000,&quot;background_slideshow_slide_transition&quot;:&quot;fade&quot;,&quot;background_slideshow_transition_duration&quot;:500}\">\n\t\t\t\t<div class=\"elementor-element elementor-element-8607881 elementor-widget elementor-widget-image\" data-id=\"8607881\" data-element_type=\"widget\" data-widget_type=\"image.default\">\n\t\t\t\t<div class=\"elementor-widget-container\">\n\t\t\t\t\t\t\t\t\t\t\t\t\t\t\t<img fetchpriority=\"high\" decoding=\"async\" width=\"2560\" height=\"1854\" src=\"https:\/\/etmb.fr\/wp-content\/uploads\/2025\/01\/Contact-us_Laptop-with-logo_left--scaled.jpg\" class=\"attachment-full size-full wp-image-4174\" alt=\"\" srcset=\"https:\/\/etmb.fr\/wp-content\/uploads\/2025\/01\/Contact-us_Laptop-with-logo_left--scaled.jpg 2560w, https:\/\/etmb.fr\/wp-content\/uploads\/2025\/01\/Contact-us_Laptop-with-logo_left--300x217.jpg 300w, https:\/\/etmb.fr\/wp-content\/uploads\/2025\/01\/Contact-us_Laptop-with-logo_left--1024x742.jpg 1024w, https:\/\/etmb.fr\/wp-content\/uploads\/2025\/01\/Contact-us_Laptop-with-logo_left--768x556.jpg 768w, https:\/\/etmb.fr\/wp-content\/uploads\/2025\/01\/Contact-us_Laptop-with-logo_left--1536x1113.jpg 1536w, https:\/\/etmb.fr\/wp-content\/uploads\/2025\/01\/Contact-us_Laptop-with-logo_left--2048x1484.jpg 2048w, https:\/\/etmb.fr\/wp-content\/uploads\/2025\/01\/Contact-us_Laptop-with-logo_left--18x12.jpg 18w\" sizes=\"(max-width: 2560px) 100vw, 2560px\" \/>\t\t\t\t\t\t\t\t\t\t\t\t\t\t\t<\/div>\n\t\t\t\t<\/div>\n\t\t\t\t<\/div>\n\t\t\t\t<\/div>\n\t\t\t\t<\/div>\n\t\t<div class=\"elementor-element elementor-element-fd965c5 e-flex e-con-boxed e-con e-parent\" data-id=\"fd965c5\" data-element_type=\"container\">\n\t\t\t\t\t<div class=\"e-con-inner\">\n\t\t\t\t\t<\/div>\n\t\t\t\t<\/div>\n\t\t\t\t<\/div>","protected":false},"excerpt":{"rendered":"<p>CONTACTEZ-NOUS Image Hover with Inline Text NOS COORDONN\u00c9ES ZAC des Bois Rochefort 8 All\u00e9e du 7\u00e8me Art 95240 Cormeilles-en-Parisis 01 34 12 34 34 06 64 05 91 61 contact@etmb.fr Image Hover with Inline Text RECRUTEMENT Notre groupe recherche de nouveaux talents Nous vous prions de bien vouloir faire parvenir votre curriculum vitae \u00e0 l&rsquo;adresse [&hellip;]<\/p>","protected":false},"author":1,"featured_media":0,"parent":0,"menu_order":0,"comment_status":"closed","ping_status":"closed","template":"","meta":{"footnotes":""},"class_list":["post-83","page","type-page","status-publish","hentry"],"yoast_head":"<!-- This site is optimized with the Yoast SEO plugin v24.4 - https:\/\/yoast.com\/wordpress\/plugins\/seo\/ -->\n<title>Contact - ETMB Groupe<\/title>\n<meta name=\"robots\" content=\"index, follow, max-snippet:-1, max-image-preview:large, max-video-preview:-1\" \/>\n<link rel=\"canonical\" href=\"https:\/\/etmb.fr\/en\/contact\/\" \/>\n<meta property=\"og:locale\" content=\"en_US\" \/>\n<meta property=\"og:type\" content=\"article\" \/>\n<meta property=\"og:title\" content=\"Contact - ETMB Groupe\" \/>\n<meta property=\"og:description\" content=\"CONTACTEZ-NOUS Image Hover with Inline Text NOS COORDONN\u00c9ES ZAC des Bois Rochefort 8 All\u00e9e du 7\u00e8me Art 95240 Cormeilles-en-Parisis 01 34 12 34 34 06 64 05 91 61 contact@etmb.fr Image Hover with Inline Text RECRUTEMENT Notre groupe recherche de nouveaux talents Nous vous prions de bien vouloir faire parvenir votre curriculum vitae \u00e0 l&rsquo;adresse [&hellip;]\" \/>\n<meta property=\"og:url\" content=\"https:\/\/etmb.fr\/en\/contact\/\" \/>\n<meta property=\"og:site_name\" content=\"ETMB Groupe\" \/>\n<meta property=\"article:modified_time\" content=\"2025-07-23T09:59:24+00:00\" \/>\n<meta property=\"og:image\" content=\"https:\/\/etmb.fr\/web\/wp-content\/uploads\/2024\/11\/Logo_Alone_Blue.png\" \/>\n<meta name=\"twitter:card\" content=\"summary_large_image\" \/>\n<meta name=\"twitter:label1\" content=\"Est. reading time\" \/>\n\t<meta name=\"twitter:data1\" content=\"2 minutes\" \/>\n<script type=\"application\/ld+json\" class=\"yoast-schema-graph\">{\"@context\":\"https:\/\/schema.org\",\"@graph\":[{\"@type\":\"WebPage\",\"@id\":\"https:\/\/etmb.fr\/contact\/\",\"url\":\"https:\/\/etmb.fr\/contact\/\",\"name\":\"Contact - ETMB Groupe\",\"isPartOf\":{\"@id\":\"https:\/\/etmb.fr\/#website\"},\"primaryImageOfPage\":{\"@id\":\"https:\/\/etmb.fr\/contact\/#primaryimage\"},\"image\":{\"@id\":\"https:\/\/etmb.fr\/contact\/#primaryimage\"},\"thumbnailUrl\":\"https:\/\/etmb.fr\/web\/wp-content\/uploads\/2024\/11\/Logo_Alone_Blue.png\",\"datePublished\":\"2024-11-18T19:41:34+00:00\",\"dateModified\":\"2025-07-23T09:59:24+00:00\",\"breadcrumb\":{\"@id\":\"https:\/\/etmb.fr\/contact\/#breadcrumb\"},\"inLanguage\":\"en-US\",\"potentialAction\":[{\"@type\":\"ReadAction\",\"target\":[\"https:\/\/etmb.fr\/contact\/\"]}]},{\"@type\":\"ImageObject\",\"inLanguage\":\"en-US\",\"@id\":\"https:\/\/etmb.fr\/contact\/#primaryimage\",\"url\":\"https:\/\/etmb.fr\/web\/wp-content\/uploads\/2024\/11\/Logo_Alone_Blue.png\",\"contentUrl\":\"https:\/\/etmb.fr\/web\/wp-content\/uploads\/2024\/11\/Logo_Alone_Blue.png\"},{\"@type\":\"BreadcrumbList\",\"@id\":\"https:\/\/etmb.fr\/contact\/#breadcrumb\",\"itemListElement\":[{\"@type\":\"ListItem\",\"position\":1,\"name\":\"Home\",\"item\":\"https:\/\/etmb.fr\/\"},{\"@type\":\"ListItem\",\"position\":2,\"name\":\"Contact\"}]},{\"@type\":\"WebSite\",\"@id\":\"https:\/\/etmb.fr\/#website\",\"url\":\"https:\/\/etmb.fr\/\",\"name\":\"ETMB Groupe\",\"description\":\"ETMB Groupe\",\"publisher\":{\"@id\":\"https:\/\/etmb.fr\/#organization\"},\"potentialAction\":[{\"@type\":\"SearchAction\",\"target\":{\"@type\":\"EntryPoint\",\"urlTemplate\":\"https:\/\/etmb.fr\/?s={search_term_string}\"},\"query-input\":{\"@type\":\"PropertyValueSpecification\",\"valueRequired\":true,\"valueName\":\"search_term_string\"}}],\"inLanguage\":\"en-US\"},{\"@type\":\"Organization\",\"@id\":\"https:\/\/etmb.fr\/#organization\",\"name\":\"ETMB Groupe\",\"url\":\"https:\/\/etmb.fr\/\",\"logo\":{\"@type\":\"ImageObject\",\"inLanguage\":\"en-US\",\"@id\":\"https:\/\/etmb.fr\/#\/schema\/logo\/image\/\",\"url\":\"https:\/\/etmb.fr\/wp-content\/uploads\/2024\/11\/w-ETMB-Groupe_FR_Logo-e1732133516525.png\",\"contentUrl\":\"https:\/\/etmb.fr\/wp-content\/uploads\/2024\/11\/w-ETMB-Groupe_FR_Logo-e1732133516525.png\",\"width\":1964,\"height\":936,\"caption\":\"ETMB Groupe\"},\"image\":{\"@id\":\"https:\/\/etmb.fr\/#\/schema\/logo\/image\/\"}}]}<\/script>\n<!-- \/ Yoast SEO plugin. -->","yoast_head_json":{"title":"Contact - ETMB Groupe","robots":{"index":"index","follow":"follow","max-snippet":"max-snippet:-1","max-image-preview":"max-image-preview:large","max-video-preview":"max-video-preview:-1"},"canonical":"https:\/\/etmb.fr\/en\/contact\/","og_locale":"en_US","og_type":"article","og_title":"Contact - ETMB Groupe","og_description":"CONTACTEZ-NOUS Image Hover with Inline Text NOS COORDONN\u00c9ES ZAC des Bois Rochefort 8 All\u00e9e du 7\u00e8me Art 95240 Cormeilles-en-Parisis 01 34 12 34 34 06 64 05 91 61 contact@etmb.fr Image Hover with Inline Text RECRUTEMENT Notre groupe recherche de nouveaux talents Nous vous prions de bien vouloir faire parvenir votre curriculum vitae \u00e0 l&rsquo;adresse [&hellip;]","og_url":"https:\/\/etmb.fr\/en\/contact\/","og_site_name":"ETMB Groupe","article_modified_time":"2025-07-23T09:59:24+00:00","og_image":[{"url":"https:\/\/etmb.fr\/web\/wp-content\/uploads\/2024\/11\/Logo_Alone_Blue.png","type":"","width":"","height":""}],"twitter_card":"summary_large_image","twitter_misc":{"Est. reading time":"2 minutes"},"schema":{"@context":"https:\/\/schema.org","@graph":[{"@type":"WebPage","@id":"https:\/\/etmb.fr\/contact\/","url":"https:\/\/etmb.fr\/contact\/","name":"Contact - ETMB Groupe","isPartOf":{"@id":"https:\/\/etmb.fr\/#website"},"primaryImageOfPage":{"@id":"https:\/\/etmb.fr\/contact\/#primaryimage"},"image":{"@id":"https:\/\/etmb.fr\/contact\/#primaryimage"},"thumbnailUrl":"https:\/\/etmb.fr\/web\/wp-content\/uploads\/2024\/11\/Logo_Alone_Blue.png","datePublished":"2024-11-18T19:41:34+00:00","dateModified":"2025-07-23T09:59:24+00:00","breadcrumb":{"@id":"https:\/\/etmb.fr\/contact\/#breadcrumb"},"inLanguage":"en-US","potentialAction":[{"@type":"ReadAction","target":["https:\/\/etmb.fr\/contact\/"]}]},{"@type":"ImageObject","inLanguage":"en-US","@id":"https:\/\/etmb.fr\/contact\/#primaryimage","url":"https:\/\/etmb.fr\/web\/wp-content\/uploads\/2024\/11\/Logo_Alone_Blue.png","contentUrl":"https:\/\/etmb.fr\/web\/wp-content\/uploads\/2024\/11\/Logo_Alone_Blue.png"},{"@type":"BreadcrumbList","@id":"https:\/\/etmb.fr\/contact\/#breadcrumb","itemListElement":[{"@type":"ListItem","position":1,"name":"Home","item":"https:\/\/etmb.fr\/"},{"@type":"ListItem","position":2,"name":"Contact"}]},{"@type":"WebSite","@id":"https:\/\/etmb.fr\/#website","url":"https:\/\/etmb.fr\/","name":"ETMB Groupe","description":"ETMB Groupe","publisher":{"@id":"https:\/\/etmb.fr\/#organization"},"potentialAction":[{"@type":"SearchAction","target":{"@type":"EntryPoint","urlTemplate":"https:\/\/etmb.fr\/?s={search_term_string}"},"query-input":{"@type":"PropertyValueSpecification","valueRequired":true,"valueName":"search_term_string"}}],"inLanguage":"en-US"},{"@type":"Organization","@id":"https:\/\/etmb.fr\/#organization","name":"ETMB Groupe","url":"https:\/\/etmb.fr\/","logo":{"@type":"ImageObject","inLanguage":"en-US","@id":"https:\/\/etmb.fr\/#\/schema\/logo\/image\/","url":"https:\/\/etmb.fr\/wp-content\/uploads\/2024\/11\/w-ETMB-Groupe_FR_Logo-e1732133516525.png","contentUrl":"https:\/\/etmb.fr\/wp-content\/uploads\/2024\/11\/w-ETMB-Groupe_FR_Logo-e1732133516525.png","width":1964,"height":936,"caption":"ETMB Groupe"},"image":{"@id":"https:\/\/etmb.fr\/#\/schema\/logo\/image\/"}}]}},"_links":{"self":[{"href":"https:\/\/etmb.fr\/en\/wp-json\/wp\/v2\/pages\/83","targetHints":{"allow":["GET"]}}],"collection":[{"href":"https:\/\/etmb.fr\/en\/wp-json\/wp\/v2\/pages"}],"about":[{"href":"https:\/\/etmb.fr\/en\/wp-json\/wp\/v2\/types\/page"}],"author":[{"embeddable":true,"href":"https:\/\/etmb.fr\/en\/wp-json\/wp\/v2\/users\/1"}],"replies":[{"embeddable":true,"href":"https:\/\/etmb.fr\/en\/wp-json\/wp\/v2\/comments?post=83"}],"version-history":[{"count":218,"href":"https:\/\/etmb.fr\/en\/wp-json\/wp\/v2\/pages\/83\/revisions"}],"predecessor-version":[{"id":4527,"href":"https:\/\/etmb.fr\/en\/wp-json\/wp\/v2\/pages\/83\/revisions\/4527"}],"wp:attachment":[{"href":"https:\/\/etmb.fr\/en\/wp-json\/wp\/v2\/media?parent=83"}],"curies":[{"name":"wp","href":"https:\/\/api.w.org\/{rel}","templated":true}]}}